{"id":1007,"date":"2023-03-15T15:02:08","date_gmt":"2023-03-15T15:02:08","guid":{"rendered":"https:\/\/100dominas.de\/dominas\/?page_id=1007"},"modified":"2025-06-09T17:15:23","modified_gmt":"2025-06-09T16:15:23","slug":"domina-eintragen","status":"publish","type":"page","link":"https:\/\/www.100dominas.de\/dominas\/domina-eintragen\/","title":{"rendered":"Domina Eintrag"},"content":{"rendered":"<div class=\"wpb-content-wrapper\"><p>[vc_row opacity_overlay=&#8220;10&#8243; margin_bottom=&#8220;60&#8243;][vc_column]<div class=\"grve-element grve-slogan grve-align-center\" style=\"\"><h1 class=\"grve-slogan-title grve-align-center grve-title-no-line\">DOMINA VORSCHLAGEN<\/h1>  <p>Hier kannst Du eine Lady f\u00fcr die 100 Dominas vorschlagen<\/p><\/div>[\/vc_column][\/vc_row][vc_row opacity_overlay=&#8220;10&#8243; margin_bottom=&#8220;60&#8243;][vc_column]  <hr class=\"grve-element grve-line-divider grve-fullwidth-element \" style=\"\">[\/vc_column][\/vc_row][vc_row opacity_overlay=&#8220;10&#8243; margin_bottom=&#8220;80&#8243;][vc_column tablet_width=&#8220;1&#8243;][vc_column_text]Du kennst eine Domina, die Deiner Meinung nach in die Liste der besten 100 Dominas geh\u00f6rt?<br \/>\nTrage sie einfach hier unverbindlich ein und wir \u00fcberpr\u00fcfen den *Eintrag.[\/vc_column_text]\n<div class=\"wpcf7 no-js\" id=\"wpcf7-f1010-o1\" lang=\"de-DE\" dir=\"ltr\" data-wpcf7-id=\"1010\">\n<div class=\"screen-reader-response\"><p role=\"status\" aria-live=\"polite\" aria-atomic=\"true\"><\/p> <ul><\/ul><\/div>\n<form action=\"\/dominas\/wp-json\/wp\/v2\/pages\/1007#wpcf7-f1010-o1\" method=\"post\" class=\"wpcf7-form init\" aria-label=\"Kontaktformular\" novalidate=\"novalidate\" data-status=\"init\">\n<fieldset class=\"hidden-fields-container\"><input type=\"hidden\" name=\"_wpcf7\" value=\"1010\" \/><input type=\"hidden\" name=\"_wpcf7_version\" value=\"6.1.5\" \/><input type=\"hidden\" name=\"_wpcf7_locale\" value=\"de_DE\" \/><input type=\"hidden\" name=\"_wpcf7_unit_tag\" value=\"wpcf7-f1010-o1\" \/><input type=\"hidden\" name=\"_wpcf7_container_post\" value=\"0\" \/><input type=\"hidden\" name=\"_wpcf7_posted_data_hash\" value=\"\" \/>\n<\/fieldset>\n<p>Bitte ALLE Felder ausf\u00fcllen!\n<\/p>\n<p><label> Dein Name<br \/>\n<span class=\"wpcf7-form-control-wrap\" data-name=\"your-name\"><input size=\"40\" maxlength=\"400\" class=\"wpcf7-form-control wpcf7-text wpcf7-validates-as-required\" aria-required=\"true\" aria-invalid=\"false\" value=\"\" type=\"text\" name=\"your-name\" \/><\/span> <\/label>\n<\/p>\n<p><label> Deine Email<br \/>\n<span class=\"wpcf7-form-control-wrap\" data-name=\"your-email\"><input size=\"40\" maxlength=\"400\" class=\"wpcf7-form-control wpcf7-email wpcf7-validates-as-required wpcf7-text wpcf7-validates-as-email\" aria-required=\"true\" aria-invalid=\"false\" value=\"\" type=\"email\" name=\"your-email\" \/><\/span> <\/label>\n<\/p>\n<p><label> Name der Domina<br \/>\n<span class=\"wpcf7-form-control-wrap\" data-name=\"DominaName\"><input size=\"40\" maxlength=\"400\" class=\"wpcf7-form-control wpcf7-text wpcf7-validates-as-required\" aria-required=\"true\" aria-invalid=\"false\" value=\"\" type=\"text\" name=\"DominaName\" \/><\/span> <\/label>\n<\/p>\n<p><label> Homepage der Domina<br \/>\n<span class=\"wpcf7-form-control-wrap\" data-name=\"Webseite\"><input size=\"40\" maxlength=\"400\" class=\"wpcf7-form-control wpcf7-url wpcf7-validates-as-required wpcf7-text wpcf7-validates-as-url\" aria-required=\"true\" aria-invalid=\"false\" placeholder=\"https:\/\/\" value=\"\" type=\"url\" name=\"Webseite\" \/><\/span> <\/label>\n<\/p>\n<p><label>Setze unseren Banner gut sichtbar in die Homepage der Lady: <\/label>\n<\/p>\n<p><a href=\"https:\/\/www.100dominas.de\/\" target=\"_blank\"><br \/>\n<img decoding=\"async\" src=\"https:\/\/www.100dominas.de\/100dominas_bn1.jpg\" alt=\"Die besten 100 Dominas\" \/><\/a>\n<\/p>\n<p><label> Backlinkadresse:<br \/>\n<span class=\"wpcf7-form-control-wrap\" data-name=\"url-back\"><input size=\"40\" maxlength=\"400\" class=\"wpcf7-form-control wpcf7-url wpcf7-text wpcf7-validates-as-url\" aria-invalid=\"false\" placeholder=\"https:\/\/\" value=\"\" type=\"url\" name=\"url-back\" \/><\/span> <\/label>\n<\/p>\n<p><label> Ist die Lady auf Peitsche.de gelistet?:<br \/>\n<\/label>\n<\/p>\n<p><span class=\"wpcf7-form-control-wrap\" data-name=\"Peitschegelistet\"><span class=\"wpcf7-form-control wpcf7-radio\"><span class=\"wpcf7-list-item first\"><input type=\"radio\" name=\"Peitschegelistet\" value=\"ja, nat\u00fcrlich\" checked=\"checked\" \/><span class=\"wpcf7-list-item-label\">ja, nat\u00fcrlich<\/span><\/span><span class=\"wpcf7-list-item last\"><input type=\"radio\" name=\"Peitschegelistet\" value=\"nein, nur auf kostenlosen Webseiten und Amateur-Portalen\" \/><span class=\"wpcf7-list-item-label\">nein, nur auf kostenlosen Webseiten und Amateur-Portalen<\/span><\/span><\/span><\/span>\n<\/p>\n<p><label> Warum geh\u00f6rt die Lady in die 100Dominas? (Pflichtfeld)<br \/>\n<span class=\"wpcf7-form-control-wrap\" data-name=\"your-message\"><textarea cols=\"40\" rows=\"10\" maxlength=\"2000\" class=\"wpcf7-form-control wpcf7-textarea wpcf7-validates-as-required\" aria-required=\"true\" aria-invalid=\"false\" name=\"your-message\"><\/textarea><\/span> <\/label>\n<\/p>\n<p><span class=\"wpcf7-form-control-wrap\" data-name=\"acceptance-146\"><span class=\"wpcf7-form-control wpcf7-acceptance\"><span class=\"wpcf7-list-item\"><label><input type=\"checkbox\" name=\"acceptance-146\" value=\"1\" aria-invalid=\"false\" \/><span class=\"wpcf7-list-item-label\">Mit der Nutzung dieses Formulars erkl\u00e4rst du dich mit der Speicherung und Verarbeitung deiner Daten durch diese Website einverstanden.<\/span><\/label><\/span><\/span><\/span>\n<\/p>\n<p>Spamschutz:\n<\/p>\n<p><span class=\"wpcf7-form-control-wrap kc_captcha\" data-name=\"kc_captcha\"><span class=\"wpcf7-form-control wpcf7-radio\"><span class=\"captcha-image\" ><span class=\"cf7ic_instructions\">Bitte beweise, dass du kein Spambot bist und w\u00e4hle das Symbol<span> LKW<\/span>.<\/span><label><input aria-label=\"1\" type=\"radio\" name=\"kc_captcha\" value=\"bot\" \/><svg aria-hidden=\"true\" role=\"img\" xmlns=\"http:\/\/www.w3.org\/2000\/svg\" viewBox=\"0 0 576 512\"><path fill=\"currentColor\" d=\"M259 18l-65 132-146 22c-26 3-37 36-18 54l106 103-25 146c-5 26 23 46 46 33l131-68 131 68c23 13 51-7 46-33l-25-146 106-103c19-18 8-51-18-54l-146-22-65-132a32 32 0 00-58 0z\"\/><\/svg><\/label><label><input aria-label=\"2\" type=\"radio\" name=\"kc_captcha\" value=\"kc_human\" \/><svg aria-hidden=\"true\" role=\"img\" xmlns=\"http:\/\/www.w3.org\/2000\/svg\" viewBox=\"0 0 640 512\"><path fill=\"currentColor\" d=\"M624 352h-16V244c0-13-5-25-14-34L494 110c-9-9-21-14-34-14h-44V48c0-26-21-48-48-48H48C22 0 0 22 0 48v320c0 27 22 48 48 48h16a96 96 0 00192 0h128a96 96 0 00192 0h48c9 0 16-7 16-16v-32c0-9-7-16-16-16zM160 464a48 48 0 110-96 48 48 0 010 96zm320 0a48 48 0 110-96 48 48 0 010 96zm80-208H416V144h44l100 100v12z\"\/><\/svg><\/label><label><input aria-label=\"3\" type=\"radio\" name=\"kc_captcha\" value=\"bot\" \/><svg aria-hidden=\"true\" role=\"img\" xmlns=\"http:\/\/www.w3.org\/2000\/svg\" viewBox=\"0 0 384 512\"><path fill=\"currentColor\" d=\"M377 375l-83-87h34c21 0 32-25 17-40l-82-88h33c21 0 32-25 18-40L210 8c-10-11-26-11-36 0L70 120c-14 15-3 40 18 40h33l-82 88c-15 15-4 40 17 40h34L7 375c-15 16-4 41 17 41h120c0 33-11 49-34 68-12 9-5 28 10 28h144c15 0 22-19 10-28-20-16-34-32-34-68h120c21 0 32-25 17-41z\"\/><\/svg><\/label>\r\n    <\/span>\r\n    <span style=\"display:none\">\r\n        <input type=\"text\" name=\"kc_honeypot\">\r\n    <\/span><\/span><\/span>\n<\/p>\n<p><input class=\"wpcf7-form-control wpcf7-submit has-spinner\" type=\"submit\" value=\"Absenden\" \/>\n<\/p><p style=\"display: none !important;\" class=\"akismet-fields-container\" data-prefix=\"_wpcf7_ak_\"><label>&#916;<textarea name=\"_wpcf7_ak_hp_textarea\" cols=\"45\" rows=\"8\" maxlength=\"100\"><\/textarea><\/label><input type=\"hidden\" id=\"ak_js_1\" name=\"_wpcf7_ak_js\" value=\"157\"\/><script type=\"text\/javascript\">\n\/* <![CDATA[ *\/\ndocument.getElementById( \"ak_js_1\" ).setAttribute( \"value\", ( new Date() ).getTime() );\n\/* ]]> *\/\n<\/script>\n<\/p><div class=\"wpcf7-response-output\" aria-hidden=\"true\"><\/div>\n<\/form>\n<\/div>\n[vc_column_text]*Eintrag<\/p>\n<p>Folgendes gilt es zu beachten:<\/p>\n<p>\u201cDominas\u201d gibt es in Deutschland wie Sand am Meer. Diese Seite listet professionelle Ladies mit geeignetem Fotomaterial und tats\u00e4chlicher Erreichbarkeit, sowie Erfahrung, Equipment und Services. Dominas mit Werbefotos ohne Gesicht sind zwar nicht zwangsl\u00e4ufig schlecht, werden aber hier auch nicht ber\u00fccksichtigt.<br \/>\nDie besten Chancen auf Eintragung haben nat\u00fcrlich Damen mit dem begehrten \u201cpeitsche-listing\u201d![\/vc_column_text][\/vc_column][\/vc_row]<\/p>\n<\/div>","protected":false},"excerpt":{"rendered":"<p>[vc_row opacity_overlay=&#8220;10&#8243; margin_bottom=&#8220;60&#8243;][vc_column][\/vc_column][\/vc_row][vc_row opacity_overlay=&#8220;10&#8243; margin_bottom=&#8220;60&#8243;][vc_column][\/vc_column][\/vc_row][vc_row opacity_overlay=&#8220;10&#8243; margin_bottom=&#8220;80&#8243;][vc_column tablet_width=&#8220;1&#8243;][vc_column_text]Du kennst eine Domina, die Deiner Meinung nach in die Liste der besten 100 Dominas geh\u00f6rt? Trage sie einfach hier unverbindlich ein und wir \u00fcberpr\u00fcfen den *Eintrag.[\/vc_column_text][vc_column_text]*Eintrag Folgendes gilt es zu beachten: \u201cDominas\u201d gibt es in Deutschland wie Sand am Meer. Diese Seite listet professionelle Ladies mit geeignetem [&hellip;]<\/p>\n","protected":false},"author":1,"featured_media":0,"parent":0,"menu_order":0,"comment_status":"closed","ping_status":"closed","template":"","meta":{"footnotes":""},"class_list":["post-1007","page","type-page","status-publish","hentry"],"yoast_head":"<!-- This site is optimized with the Yoast SEO plugin v27.5 - https:\/\/yoast.com\/product\/yoast-seo-wordpress\/ -->\n<title>Domina Eintrag - in die 100Dominas eintragen, kostenlos anmelden<\/title>\n<meta name=\"description\" content=\"Als Domina in die Webseite und den Dominaf\u00fchrer aufgenommen werden hier kostenlos, wenn es sich um eine gute Herrin oder Mistress handelt\" \/>\n<meta name=\"robots\" content=\"index, follow, max-snippet:-1, max-image-preview:large, max-video-preview:-1\" \/>\n<link rel=\"canonical\" href=\"https:\/\/www.100dominas.de\/dominas\/domina-eintragen\/\" \/>\n<meta property=\"og:locale\" content=\"de_DE\" \/>\n<meta property=\"og:type\" content=\"article\" \/>\n<meta property=\"og:title\" content=\"Domina Eintrag - in die 100Dominas eintragen, kostenlos anmelden\" \/>\n<meta property=\"og:description\" content=\"Als Domina in die Webseite und den Dominaf\u00fchrer aufgenommen werden hier kostenlos, wenn es sich um eine gute Herrin oder Mistress handelt\" \/>\n<meta property=\"og:url\" content=\"https:\/\/www.100dominas.de\/dominas\/domina-eintragen\/\" \/>\n<meta property=\"og:site_name\" content=\"Dominas\" \/>\n<meta property=\"article:modified_time\" content=\"2025-06-09T16:15:23+00:00\" \/>\n<meta property=\"og:image\" content=\"https:\/\/www.100dominas.de\/dominas\/wp-content\/uploads\/2023\/03\/logo_100dominas_s2x.png\" \/>\n\t<meta property=\"og:image:width\" content=\"357\" \/>\n\t<meta property=\"og:image:height\" content=\"168\" \/>\n\t<meta property=\"og:image:type\" content=\"image\/png\" \/>\n<meta name=\"twitter:card\" content=\"summary_large_image\" \/>\n<meta name=\"twitter:label1\" content=\"Gesch\u00e4tzte Lesezeit\" \/>\n\t<meta name=\"twitter:data1\" content=\"1\u00a0Minute\" \/>\n<script type=\"application\/ld+json\" class=\"yoast-schema-graph\">{\"@context\":\"https:\\\/\\\/schema.org\",\"@graph\":[{\"@type\":\"WebPage\",\"@id\":\"https:\\\/\\\/www.100dominas.de\\\/dominas\\\/domina-eintragen\\\/\",\"url\":\"https:\\\/\\\/www.100dominas.de\\\/dominas\\\/domina-eintragen\\\/\",\"name\":\"Domina Eintrag - in die 100Dominas eintragen, kostenlos anmelden\",\"isPartOf\":{\"@id\":\"https:\\\/\\\/www.100dominas.de\\\/dominas\\\/#website\"},\"datePublished\":\"2023-03-15T15:02:08+00:00\",\"dateModified\":\"2025-06-09T16:15:23+00:00\",\"description\":\"Als Domina in die Webseite und den Dominaf\u00fchrer aufgenommen werden hier kostenlos, wenn es sich um eine gute Herrin oder Mistress handelt\",\"breadcrumb\":{\"@id\":\"https:\\\/\\\/www.100dominas.de\\\/dominas\\\/domina-eintragen\\\/#breadcrumb\"},\"inLanguage\":\"de\",\"potentialAction\":[{\"@type\":\"ReadAction\",\"target\":[\"https:\\\/\\\/www.100dominas.de\\\/dominas\\\/domina-eintragen\\\/\"]}]},{\"@type\":\"BreadcrumbList\",\"@id\":\"https:\\\/\\\/www.100dominas.de\\\/dominas\\\/domina-eintragen\\\/#breadcrumb\",\"itemListElement\":[{\"@type\":\"ListItem\",\"position\":1,\"name\":\"Startseite\",\"item\":\"https:\\\/\\\/www.100dominas.de\\\/dominas\\\/\"},{\"@type\":\"ListItem\",\"position\":2,\"name\":\"Domina Eintrag\"}]},{\"@type\":\"WebSite\",\"@id\":\"https:\\\/\\\/www.100dominas.de\\\/dominas\\\/#website\",\"url\":\"https:\\\/\\\/www.100dominas.de\\\/dominas\\\/\",\"name\":\"100 Dominas\",\"description\":\"Die besten Dominas Deutschland\",\"publisher\":{\"@id\":\"https:\\\/\\\/www.100dominas.de\\\/dominas\\\/#organization\"},\"alternateName\":\"Dominas\",\"potentialAction\":[{\"@type\":\"SearchAction\",\"target\":{\"@type\":\"EntryPoint\",\"urlTemplate\":\"https:\\\/\\\/www.100dominas.de\\\/dominas\\\/?s={search_term_string}\"},\"query-input\":{\"@type\":\"PropertyValueSpecification\",\"valueRequired\":true,\"valueName\":\"search_term_string\"}}],\"inLanguage\":\"de\"},{\"@type\":\"Organization\",\"@id\":\"https:\\\/\\\/www.100dominas.de\\\/dominas\\\/#organization\",\"name\":\"100 Dominas\",\"url\":\"https:\\\/\\\/www.100dominas.de\\\/dominas\\\/\",\"logo\":{\"@type\":\"ImageObject\",\"inLanguage\":\"de\",\"@id\":\"https:\\\/\\\/www.100dominas.de\\\/dominas\\\/#\\\/schema\\\/logo\\\/image\\\/\",\"url\":\"https:\\\/\\\/100dominas.de\\\/dominas\\\/wp-content\\\/uploads\\\/2023\\\/03\\\/logo_100dominas_01.png\",\"contentUrl\":\"https:\\\/\\\/100dominas.de\\\/dominas\\\/wp-content\\\/uploads\\\/2023\\\/03\\\/logo_100dominas_01.png\",\"width\":714,\"height\":336,\"caption\":\"100 Dominas\"},\"image\":{\"@id\":\"https:\\\/\\\/www.100dominas.de\\\/dominas\\\/#\\\/schema\\\/logo\\\/image\\\/\"}}]}<\/script>\n<!-- \/ Yoast SEO plugin. -->","yoast_head_json":{"title":"Domina Eintrag - in die 100Dominas eintragen, kostenlos anmelden","description":"Als Domina in die Webseite und den Dominaf\u00fchrer aufgenommen werden hier kostenlos, wenn es sich um eine gute Herrin oder Mistress handelt","robots":{"index":"index","follow":"follow","max-snippet":"max-snippet:-1","max-image-preview":"max-image-preview:large","max-video-preview":"max-video-preview:-1"},"canonical":"https:\/\/www.100dominas.de\/dominas\/domina-eintragen\/","og_locale":"de_DE","og_type":"article","og_title":"Domina Eintrag - in die 100Dominas eintragen, kostenlos anmelden","og_description":"Als Domina in die Webseite und den Dominaf\u00fchrer aufgenommen werden hier kostenlos, wenn es sich um eine gute Herrin oder Mistress handelt","og_url":"https:\/\/www.100dominas.de\/dominas\/domina-eintragen\/","og_site_name":"Dominas","article_modified_time":"2025-06-09T16:15:23+00:00","og_image":[{"width":357,"height":168,"url":"https:\/\/www.100dominas.de\/dominas\/wp-content\/uploads\/2023\/03\/logo_100dominas_s2x.png","type":"image\/png"}],"twitter_card":"summary_large_image","twitter_misc":{"Gesch\u00e4tzte Lesezeit":"1\u00a0Minute"},"schema":{"@context":"https:\/\/schema.org","@graph":[{"@type":"WebPage","@id":"https:\/\/www.100dominas.de\/dominas\/domina-eintragen\/","url":"https:\/\/www.100dominas.de\/dominas\/domina-eintragen\/","name":"Domina Eintrag - in die 100Dominas eintragen, kostenlos anmelden","isPartOf":{"@id":"https:\/\/www.100dominas.de\/dominas\/#website"},"datePublished":"2023-03-15T15:02:08+00:00","dateModified":"2025-06-09T16:15:23+00:00","description":"Als Domina in die Webseite und den Dominaf\u00fchrer aufgenommen werden hier kostenlos, wenn es sich um eine gute Herrin oder Mistress handelt","breadcrumb":{"@id":"https:\/\/www.100dominas.de\/dominas\/domina-eintragen\/#breadcrumb"},"inLanguage":"de","potentialAction":[{"@type":"ReadAction","target":["https:\/\/www.100dominas.de\/dominas\/domina-eintragen\/"]}]},{"@type":"BreadcrumbList","@id":"https:\/\/www.100dominas.de\/dominas\/domina-eintragen\/#breadcrumb","itemListElement":[{"@type":"ListItem","position":1,"name":"Startseite","item":"https:\/\/www.100dominas.de\/dominas\/"},{"@type":"ListItem","position":2,"name":"Domina Eintrag"}]},{"@type":"WebSite","@id":"https:\/\/www.100dominas.de\/dominas\/#website","url":"https:\/\/www.100dominas.de\/dominas\/","name":"100 Dominas","description":"Die besten Dominas Deutschland","publisher":{"@id":"https:\/\/www.100dominas.de\/dominas\/#organization"},"alternateName":"Dominas","potentialAction":[{"@type":"SearchAction","target":{"@type":"EntryPoint","urlTemplate":"https:\/\/www.100dominas.de\/dominas\/?s={search_term_string}"},"query-input":{"@type":"PropertyValueSpecification","valueRequired":true,"valueName":"search_term_string"}}],"inLanguage":"de"},{"@type":"Organization","@id":"https:\/\/www.100dominas.de\/dominas\/#organization","name":"100 Dominas","url":"https:\/\/www.100dominas.de\/dominas\/","logo":{"@type":"ImageObject","inLanguage":"de","@id":"https:\/\/www.100dominas.de\/dominas\/#\/schema\/logo\/image\/","url":"https:\/\/100dominas.de\/dominas\/wp-content\/uploads\/2023\/03\/logo_100dominas_01.png","contentUrl":"https:\/\/100dominas.de\/dominas\/wp-content\/uploads\/2023\/03\/logo_100dominas_01.png","width":714,"height":336,"caption":"100 Dominas"},"image":{"@id":"https:\/\/www.100dominas.de\/dominas\/#\/schema\/logo\/image\/"}}]}},"_links":{"self":[{"href":"https:\/\/www.100dominas.de\/dominas\/wp-json\/wp\/v2\/pages\/1007","targetHints":{"allow":["GET"]}}],"collection":[{"href":"https:\/\/www.100dominas.de\/dominas\/wp-json\/wp\/v2\/pages"}],"about":[{"href":"https:\/\/www.100dominas.de\/dominas\/wp-json\/wp\/v2\/types\/page"}],"author":[{"embeddable":true,"href":"https:\/\/www.100dominas.de\/dominas\/wp-json\/wp\/v2\/users\/1"}],"replies":[{"embeddable":true,"href":"https:\/\/www.100dominas.de\/dominas\/wp-json\/wp\/v2\/comments?post=1007"}],"version-history":[{"count":3,"href":"https:\/\/www.100dominas.de\/dominas\/wp-json\/wp\/v2\/pages\/1007\/revisions"}],"predecessor-version":[{"id":68068,"href":"https:\/\/www.100dominas.de\/dominas\/wp-json\/wp\/v2\/pages\/1007\/revisions\/68068"}],"wp:attachment":[{"href":"https:\/\/www.100dominas.de\/dominas\/wp-json\/wp\/v2\/media?parent=1007"}],"curies":[{"name":"wp","href":"https:\/\/api.w.org\/{rel}","templated":true}]}}