{"id":1413,"date":"2023-03-27T09:05:57","date_gmt":"2023-03-27T08:05:57","guid":{"rendered":"https:\/\/100dominas.de\/dominas\/?page_id=1413"},"modified":"2023-04-05T11:12:21","modified_gmt":"2023-04-05T10:12:21","slug":"dominas-in-baden-wuerttemberg","status":"publish","type":"page","link":"https:\/\/www.100dominas.de\/dominas\/dominas-in-baden-wuerttemberg\/","title":{"rendered":"Dominas in Baden-W\u00fcrttemberg"},"content":{"rendered":"<div class=\"wpb-content-wrapper\"><p>[vc_row opacity_overlay=&#8220;10&#8243; margin_bottom=&#8220;60&#8243;][vc_column]<div class=\"grve-element grve-slogan grve-align-center\" style=\"\"><div class=\"grve-slogan-subtitle\">HIER FINDEST DU<\/div><h1 class=\"grve-slogan-title grve-align-center grve-title-no-line\">DIE BESTEN DOMINAS IN BADEN-W\u00dcRTTEMBERG<\/h1>  <p>ausgesuchte Dominas in Latex und Leder<\/p><\/div>[\/vc_column][\/vc_row][vc_row opacity_overlay=&#8220;10&#8243; margin_bottom=&#8220;60&#8243;][vc_column]  <hr class=\"grve-element grve-line-divider grve-fullwidth-element \" style=\"\">[\/vc_column][\/vc_row][vc_row opacity_overlay=&#8220;10&#8243; font_color=&#8220;#ffffff&#8220; padding_top=&#8220;60&#8243; padding_bottom=&#8220;60&#8243; bg_color=&#8220;#d05fff&#8220;][vc_column]\t\t\t<div class=\"grve-element grve-portfolio grve-default-hover grve-disabled-greyscale\" style=\"\">\r\n\t\t\r\n\t\t\t\t<div class=\"grve-isotope-container\" data-columns=\"3\" data-layout=\"fitRows\">\r\n\t\t\r\n<div id=\"portfolio-1361-69f59075aa54e\" class=\"grve-hover-item grve-isotope-item post-1361 portfolio type-portfolio status-publish has-post-thumbnail hentry portfolio_category-baden-wuerttemberg portfolio_field-just-a-test portfolio_category_baden-wuerttemberg\">\r\n\t<a href=\"https:\/\/www.100dominas.de\/dominas\/portfolio\/lady-cheyenne-de-muriel-karlsruhe\/\">\r\n\t\t<img decoding=\"async\" width=\"304\" height=\"430\" src=\"https:\/\/www.100dominas.de\/dominas\/wp-content\/uploads\/2023\/03\/4ch1.a64290d5098c7ba9a24aa2d5b5d35afe-304x430.jpg\" class=\"attachment-grve-image-medium-rect size-grve-image-medium-rect\" alt=\"Lady Cheyenne de Muriel\" \/>\t\t<div class=\"grve-hover-content\">\r\n\t\t\t<div class=\"grve-hover-title\">Lady Cheyenne de Muriel<\/div>\r\n\t\t\t<div class=\"grve-hover-subtitle\">DOMINA IN KARLSRUHE<\/div>\r\n\t\t<\/div>\r\n\t<\/a>\r\n<\/div>\r\n<div id=\"portfolio-1352-69f59075aab04\" class=\"grve-hover-item grve-isotope-item post-1352 portfolio type-portfolio status-publish has-post-thumbnail hentry portfolio_category-baden-wuerttemberg portfolio_field-just-a-test portfolio_category_baden-wuerttemberg\">\r\n\t<a href=\"https:\/\/www.100dominas.de\/dominas\/portfolio\/domina-lady-liane-karlsruhe\/\">\r\n\t\t<img decoding=\"async\" width=\"430\" height=\"430\" src=\"https:\/\/www.100dominas.de\/dominas\/wp-content\/uploads\/2023\/03\/IMG_0346-e1517672237463-768x1024-1-430x430.jpg\" class=\"attachment-grve-image-medium-rect size-grve-image-medium-rect\" alt=\"Domina Lady Liane\" srcset=\"https:\/\/www.100dominas.de\/dominas\/wp-content\/uploads\/2023\/03\/IMG_0346-e1517672237463-768x1024-1-430x430.jpg 430w, https:\/\/www.100dominas.de\/dominas\/wp-content\/uploads\/2023\/03\/IMG_0346-e1517672237463-768x1024-1-80x80.jpg 80w, https:\/\/www.100dominas.de\/dominas\/wp-content\/uploads\/2023\/03\/IMG_0346-e1517672237463-768x1024-1-560x560.jpg 560w\" sizes=\"(max-width: 430px) 100vw, 430px\" \/>\t\t<div class=\"grve-hover-content\">\r\n\t\t\t<div class=\"grve-hover-title\">Domina Lady Liane<\/div>\r\n\t\t\t<div class=\"grve-hover-subtitle\">DOMINA IN KARLSRUHE<\/div>\r\n\t\t<\/div>\r\n\t<\/a>\r\n<\/div>\r\n<div id=\"portfolio-1338-69f59075ab047\" class=\"grve-hover-item grve-isotope-item post-1338 portfolio type-portfolio status-publish has-post-thumbnail hentry portfolio_category-baden-wuerttemberg portfolio_field-just-a-test portfolio_category_baden-wuerttemberg\">\r\n\t<a href=\"https:\/\/www.100dominas.de\/dominas\/portfolio\/domina-miss-lana-poison-mannheim\/\">\r\n\t\t<img decoding=\"async\" width=\"300\" height=\"430\" src=\"https:\/\/www.100dominas.de\/dominas\/wp-content\/uploads\/2023\/03\/47image1.31acff752ee2424e3811fa2d16d85512-300x430.jpg\" class=\"attachment-grve-image-medium-rect size-grve-image-medium-rect\" alt=\"Domina Miss Lana Poison\" \/>\t\t<div class=\"grve-hover-content\">\r\n\t\t\t<div class=\"grve-hover-title\">Domina Miss Lana Poison<\/div>\r\n\t\t\t<div class=\"grve-hover-subtitle\">DOMINA IN MANNHEIM<\/div>\r\n\t\t<\/div>\r\n\t<\/a>\r\n<\/div>\r\n<div id=\"portfolio-1355-69f59075ab6fd\" class=\"grve-hover-item grve-isotope-item post-1355 portfolio type-portfolio status-publish has-post-thumbnail hentry portfolio_category-baden-wuerttemberg portfolio_field-just-a-test portfolio_category_baden-wuerttemberg\">\r\n\t<a href=\"https:\/\/www.100dominas.de\/dominas\/portfolio\/domina-lady-alessa-karlsruhe\/\">\r\n\t\t<img decoding=\"async\" width=\"430\" height=\"430\" src=\"https:\/\/www.100dominas.de\/dominas\/wp-content\/uploads\/2023\/03\/5987f806af-galerie-2-alessa_stairs1-430x430.jpg\" class=\"attachment-grve-image-medium-rect size-grve-image-medium-rect\" alt=\"Domina Lady Alessa\" srcset=\"https:\/\/www.100dominas.de\/dominas\/wp-content\/uploads\/2023\/03\/5987f806af-galerie-2-alessa_stairs1-430x430.jpg 430w, https:\/\/www.100dominas.de\/dominas\/wp-content\/uploads\/2023\/03\/5987f806af-galerie-2-alessa_stairs1-80x80.jpg 80w\" sizes=\"(max-width: 430px) 100vw, 430px\" \/>\t\t<div class=\"grve-hover-content\">\r\n\t\t\t<div class=\"grve-hover-title\">Domina Lady Alessa<\/div>\r\n\t\t\t<div class=\"grve-hover-subtitle\">DOMINA IN KARLSRUHE<\/div>\r\n\t\t<\/div>\r\n\t<\/a>\r\n<\/div>\r\n<div id=\"portfolio-1345-69f59075abd26\" class=\"grve-hover-item grve-isotope-item post-1345 portfolio type-portfolio status-publish has-post-thumbnail hentry portfolio_category-baden-wuerttemberg portfolio_field-just-a-test portfolio_category_baden-wuerttemberg\">\r\n\t<a href=\"https:\/\/www.100dominas.de\/dominas\/portfolio\/domina-lady-danya-stutthart\/\">\r\n\t\t<img decoding=\"async\" width=\"356\" height=\"430\" src=\"https:\/\/www.100dominas.de\/dominas\/wp-content\/uploads\/2023\/03\/2_ga5a4029_kl.33da79122e2546de9207ecf25a0d3a37-356x430.jpg\" class=\"attachment-grve-image-medium-rect size-grve-image-medium-rect\" alt=\"Domina Lady Danya\" \/>\t\t<div class=\"grve-hover-content\">\r\n\t\t\t<div class=\"grve-hover-title\">Domina Lady Danya<\/div>\r\n\t\t\t<div class=\"grve-hover-subtitle\">DOMINA IN STUTTGART<\/div>\r\n\t\t<\/div>\r\n\t<\/a>\r\n<\/div>\r\n<div id=\"portfolio-1358-69f59075ac38c\" class=\"grve-hover-item grve-isotope-item post-1358 portfolio type-portfolio status-publish has-post-thumbnail hentry portfolio_category-baden-wuerttemberg portfolio_field-just-a-test portfolio_category_baden-wuerttemberg\">\r\n\t<a href=\"https:\/\/www.100dominas.de\/dominas\/portfolio\/domina-lady-bea-mannheim\/\">\r\n\t\t<img decoding=\"async\" width=\"430\" height=\"430\" src=\"https:\/\/www.100dominas.de\/dominas\/wp-content\/uploads\/2023\/03\/Bea-u.Dana-100-768x1148-1-430x430.jpg\" class=\"attachment-grve-image-medium-rect size-grve-image-medium-rect\" alt=\"Domina Lady Bea\" srcset=\"https:\/\/www.100dominas.de\/dominas\/wp-content\/uploads\/2023\/03\/Bea-u.Dana-100-768x1148-1-430x430.jpg 430w, https:\/\/www.100dominas.de\/dominas\/wp-content\/uploads\/2023\/03\/Bea-u.Dana-100-768x1148-1-80x80.jpg 80w, https:\/\/www.100dominas.de\/dominas\/wp-content\/uploads\/2023\/03\/Bea-u.Dana-100-768x1148-1-560x560.jpg 560w\" sizes=\"(max-width: 430px) 100vw, 430px\" \/>\t\t<div class=\"grve-hover-content\">\r\n\t\t\t<div class=\"grve-hover-title\">Domina Lady Bea<\/div>\r\n\t\t\t<div class=\"grve-hover-subtitle\">DOMINA IN MANNHEIM<\/div>\r\n\t\t<\/div>\r\n\t<\/a>\r\n<\/div>\r\n<div id=\"portfolio-1341-69f59075ac8f1\" class=\"grve-hover-item grve-isotope-item post-1341 portfolio type-portfolio status-publish has-post-thumbnail hentry portfolio_category-baden-wuerttemberg portfolio_field-just-a-test portfolio_category_baden-wuerttemberg\">\r\n\t<a href=\"https:\/\/www.100dominas.de\/dominas\/portfolio\/domina-lady-claudia-karlsruhe\/\">\r\n\t\t<img decoding=\"async\" width=\"301\" height=\"430\" src=\"https:\/\/www.100dominas.de\/dominas\/wp-content\/uploads\/2023\/03\/160-301x430.jpg\" class=\"attachment-grve-image-medium-rect size-grve-image-medium-rect\" alt=\"Domina Lady Claudia\" \/>\t\t<div class=\"grve-hover-content\">\r\n\t\t\t<div class=\"grve-hover-title\">Domina Lady Claudia<\/div>\r\n\t\t\t<div class=\"grve-hover-subtitle\">DOMINA IN KARLSRUHE<\/div>\r\n\t\t<\/div>\r\n\t<\/a>\r\n<\/div>\r\n<div id=\"portfolio-1348-69f59075acecb\" class=\"grve-hover-item grve-isotope-item post-1348 portfolio type-portfolio status-publish has-post-thumbnail hentry portfolio_category-baden-wuerttemberg portfolio_field-just-a-test portfolio_category_baden-wuerttemberg\">\r\n\t<a href=\"https:\/\/www.100dominas.de\/dominas\/portfolio\/domina-dana-diabolo-mannheim\/\">\r\n\t\t<img decoding=\"async\" width=\"300\" height=\"430\" src=\"https:\/\/www.100dominas.de\/dominas\/wp-content\/uploads\/2023\/03\/dsc_4545.6b0b1292488a8386744e151faa5b58b7-300x430.jpg\" class=\"attachment-grve-image-medium-rect size-grve-image-medium-rect\" alt=\"Domina Dana Diabolo\" \/>\t\t<div class=\"grve-hover-content\">\r\n\t\t\t<div class=\"grve-hover-title\">Domina Dana Diabolo<\/div>\r\n\t\t\t<div class=\"grve-hover-subtitle\">DOMINA IN MANNHEIM<\/div>\r\n\t\t<\/div>\r\n\t<\/a>\r\n<\/div>\t\t\t\t<\/div>\r\n\t\t\t<\/div>\r\n\r\n\t\t[\/vc_column][\/vc_row][vc_row opacity_overlay=&#8220;10&#8243; footer_feature=&#8220;yes&#8220; margin_bottom=&#8220;80&#8243;][vc_column tablet_width=&#8220;1&#8243;]  <hr class=\"grve-element grve-line-divider grve-fullwidth-element \" style=\"\">[vc_raw_html]JTNDcCUyMGFsaWduJTNEJTIyY2VudGVyJTIyJTNFJTNDJTIxLS0lMjBFcm8lMjBNYXN0ZXIlMjBBc3luY2hyb25vdXMlMjBKUyUyMFRhZyUyMC0lMjBHZW5lcmF0ZWQlMjB3aXRoJTIwUmV2aXZlJTIwQWRzZXJ2ZXIlMjB2NC4xLjQlMjAtLSUzRSUwQSUzQ2lucyUyMGRhdGEtcmV2aXZlLXpvbmVpZCUzRCUyMjUlMjIlMjBkYXRhLXJldml2ZS1ibG9jayUzRCUyMjElMjIlMjBkYXRhLXJldml2ZS1pZCUzRCUyMjhjODUxNGY4M2JjMjRhYzE4NWU0MjkxYmY4ZDgxYzFlJTIyJTNFJTNDJTJGaW5zJTNFJTBBJTNDc2NyaXB0JTIwYXN5bmMlMjBzcmMlM0QlMjIlMkYlMkZhZHMuZXJvLW1hc3Rlci5kZSUyRm1hcnMlMkZ3d3clMkZkZWxpdmVyeSUyRmFzeW5janMucGhwJTIyJTNFJTNDJTJGc2NyaXB0JTNFJTNDJTJGcCUzRQ==[\/vc_raw_html][vc_column_text]<\/p>\n<h2 style=\"text-align: center;\">DEIN VORSCHLAG F\u00dcR DIE TOP100 DOMINAS<\/h2>\n<p style=\"text-align: center;\">Du hast eine Domina gefunden, die Deiner Meinung nach in diese top100 geh\u00f6rt? Gerne kannst du Sie f\u00fcr diese Webseite vorschlagen.<br \/>\nEin Einsendeformular f\u00fcr Deinen Vorschlag findest Du\u00a0<strong><a title=\"Domina Vorschlag\" href=\"https:\/\/www.100dominas.de\/dominas\/domina-eintragen\/\">hier<\/a><\/strong>.<\/p>\n<p>[\/vc_column_text][vc_raw_html]JTNDcCUyMGFsaWduJTNEJTIyY2VudGVyJTIyJTNFJTNDJTIxLS0lMjBFcm8lMjBNYXN0ZXIlMjBBc3luY2hyb25vdXMlMjBKUyUyMFRhZyUyMC0lMjBHZW5lcmF0ZWQlMjB3aXRoJTIwUmV2aXZlJTIwQWRzZXJ2ZXIlMjB2NC4xLjQlMjAtLSUzRSUwQSUzQ2lucyUyMGRhdGEtcmV2aXZlLXpvbmVpZCUzRCUyMjUlMjIlMjBkYXRhLXJldml2ZS1ibG9jayUzRCUyMjElMjIlMjBkYXRhLXJldml2ZS1pZCUzRCUyMjhjODUxNGY4M2JjMjRhYzE4NWU0MjkxYmY4ZDgxYzFlJTIyJTNFJTNDJTJGaW5zJTNFJTBBJTNDc2NyaXB0JTIwYXN5bmMlMjBzcmMlM0QlMjIlMkYlMkZhZHMuZXJvLW1hc3Rlci5kZSUyRm1hcnMlMkZ3d3clMkZkZWxpdmVyeSUyRmFzeW5janMucGhwJTIyJTNFJTNDJTJGc2NyaXB0JTNFJTNDJTJGcCUzRQ==[\/vc_raw_html][\/vc_column][\/vc_row]<\/p>\n<\/div>","protected":false},"excerpt":{"rendered":"<p>[vc_row opacity_overlay=&#8220;10&#8243; margin_bottom=&#8220;60&#8243;][vc_column][\/vc_column][\/vc_row][vc_row opacity_overlay=&#8220;10&#8243; margin_bottom=&#8220;60&#8243;][vc_column][\/vc_column][\/vc_row][vc_row opacity_overlay=&#8220;10&#8243; font_color=&#8220;#ffffff&#8220; padding_top=&#8220;60&#8243; padding_bottom=&#8220;60&#8243; bg_color=&#8220;#d05fff&#8220;][vc_column][\/vc_column][\/vc_row][vc_row opacity_overlay=&#8220;10&#8243; footer_feature=&#8220;yes&#8220; margin_bottom=&#8220;80&#8243;][vc_column tablet_width=&#8220;1&#8243;][vc_raw_html]JTNDcCUyMGFsaWduJTNEJTIyY2VudGVyJTIyJTNFJTNDJTIxLS0lMjBFcm8lMjBNYXN0ZXIlMjBBc3luY2hyb25vdXMlMjBKUyUyMFRhZyUyMC0lMjBHZW5lcmF0ZWQlMjB3aXRoJTIwUmV2aXZlJTIwQWRzZXJ2ZXIlMjB2NC4xLjQlMjAtLSUzRSUwQSUzQ2lucyUyMGRhdGEtcmV2aXZlLXpvbmVpZCUzRCUyMjUlMjIlMjBkYXRhLXJldml2ZS1ibG9jayUzRCUyMjElMjIlMjBkYXRhLXJldml2ZS1pZCUzRCUyMjhjODUxNGY4M2JjMjRhYzE4NWU0MjkxYmY4ZDgxYzFlJTIyJTNFJTNDJTJGaW5zJTNFJTBBJTNDc2NyaXB0JTIwYXN5bmMlMjBzcmMlM0QlMjIlMkYlMkZhZHMuZXJvLW1hc3Rlci5kZSUyRm1hcnMlMkZ3d3clMkZkZWxpdmVyeSUyRmFzeW5janMucGhwJTIyJTNFJTNDJTJGc2NyaXB0JTNFJTNDJTJGcCUzRQ==[\/vc_raw_html][vc_column_text] DEIN VORSCHLAG F\u00dcR DIE TOP100 DOMINAS Du hast eine Domina gefunden, die Deiner Meinung nach in diese top100 geh\u00f6rt? Gerne kannst du Sie f\u00fcr diese Webseite vorschlagen. Ein Einsendeformular f\u00fcr Deinen Vorschlag findest Du\u00a0hier. [\/vc_column_text][vc_raw_html]JTNDcCUyMGFsaWduJTNEJTIyY2VudGVyJTIyJTNFJTNDJTIxLS0lMjBFcm8lMjBNYXN0ZXIlMjBBc3luY2hyb25vdXMlMjBKUyUyMFRhZyUyMC0lMjBHZW5lcmF0ZWQlMjB3aXRoJTIwUmV2aXZlJTIwQWRzZXJ2ZXIlMjB2NC4xLjQlMjAtLSUzRSUwQSUzQ2lucyUyMGRhdGEtcmV2aXZlLXpvbmVpZCUzRCUyMjUlMjIlMjBkYXRhLXJldml2ZS1ibG9jayUzRCUyMjElMjIlMjBkYXRhLXJldml2ZS1pZCUzRCUyMjhjODUxNGY4M2JjMjRhYzE4NWU0MjkxYmY4ZDgxYzFlJTIyJTNFJTNDJTJGaW5zJTNFJTBBJTNDc2NyaXB0JTIwYXN5bmMlMjBzcmMlM0QlMjIlMkYlMkZhZHMuZXJvLW1hc3Rlci5kZSUyRm1hcnMlMkZ3d3clMkZkZWxpdmVyeSUyRmFzeW5janMucGhwJTIyJTNFJTNDJTJGc2NyaXB0JTNFJTNDJTJGcCUzRQ==[\/vc_raw_html][\/vc_column][\/vc_row]<\/p>\n","protected":false},"author":1,"featured_media":0,"parent":0,"menu_order":0,"comment_status":"closed","ping_status":"closed","template":"","meta":{"footnotes":""},"class_list":["post-1413","page","type-page","status-publish","hentry"],"yoast_head":"<!-- This site is optimized with the Yoast SEO plugin v27.5 - https:\/\/yoast.com\/product\/yoast-seo-wordpress\/ -->\n<title>Dominas in Baden-W\u00fcrttemberg - Dominas im Dominaf\u00fchrer<\/title>\n<meta name=\"description\" content=\"Adressen und Bilder der Dominas im Bundesland Baden-W\u00fcrttemberg. Jetzt Deine Domina ausw\u00e4hlen und buchen. BDSM und FETISH\" \/>\n<meta name=\"robots\" content=\"index, follow, max-snippet:-1, max-image-preview:large, max-video-preview:-1\" \/>\n<link rel=\"canonical\" href=\"https:\/\/www.100dominas.de\/dominas\/dominas-in-baden-wuerttemberg\/\" \/>\n<meta property=\"og:locale\" content=\"de_DE\" \/>\n<meta property=\"og:type\" content=\"article\" \/>\n<meta property=\"og:title\" content=\"Dominas in Baden-W\u00fcrttemberg - Dominas im Dominaf\u00fchrer\" \/>\n<meta property=\"og:description\" content=\"Adressen und Bilder der Dominas im Bundesland Baden-W\u00fcrttemberg. Jetzt Deine Domina ausw\u00e4hlen und buchen. BDSM und FETISH\" \/>\n<meta property=\"og:url\" content=\"https:\/\/www.100dominas.de\/dominas\/dominas-in-baden-wuerttemberg\/\" \/>\n<meta property=\"og:site_name\" content=\"Dominas\" \/>\n<meta property=\"article:modified_time\" content=\"2023-04-05T10:12:21+00:00\" \/>\n<meta property=\"og:image\" content=\"https:\/\/www.100dominas.de\/dominas\/wp-content\/uploads\/2023\/03\/logo_100dominas_s2x.png\" \/>\n\t<meta property=\"og:image:width\" content=\"357\" \/>\n\t<meta property=\"og:image:height\" content=\"168\" \/>\n\t<meta property=\"og:image:type\" content=\"image\/png\" \/>\n<meta name=\"twitter:card\" content=\"summary_large_image\" \/>\n<meta name=\"twitter:label1\" content=\"Gesch\u00e4tzte Lesezeit\" \/>\n\t<meta name=\"twitter:data1\" content=\"1\u00a0Minute\" \/>\n<script type=\"application\/ld+json\" class=\"yoast-schema-graph\">{\"@context\":\"https:\\\/\\\/schema.org\",\"@graph\":[{\"@type\":\"WebPage\",\"@id\":\"https:\\\/\\\/www.100dominas.de\\\/dominas\\\/dominas-in-baden-wuerttemberg\\\/\",\"url\":\"https:\\\/\\\/www.100dominas.de\\\/dominas\\\/dominas-in-baden-wuerttemberg\\\/\",\"name\":\"Dominas in Baden-W\u00fcrttemberg - Dominas im Dominaf\u00fchrer\",\"isPartOf\":{\"@id\":\"https:\\\/\\\/www.100dominas.de\\\/dominas\\\/#website\"},\"datePublished\":\"2023-03-27T08:05:57+00:00\",\"dateModified\":\"2023-04-05T10:12:21+00:00\",\"description\":\"Adressen und Bilder der Dominas im Bundesland Baden-W\u00fcrttemberg. Jetzt Deine Domina ausw\u00e4hlen und buchen. BDSM und FETISH\",\"breadcrumb\":{\"@id\":\"https:\\\/\\\/www.100dominas.de\\\/dominas\\\/dominas-in-baden-wuerttemberg\\\/#breadcrumb\"},\"inLanguage\":\"de\",\"potentialAction\":[{\"@type\":\"ReadAction\",\"target\":[\"https:\\\/\\\/www.100dominas.de\\\/dominas\\\/dominas-in-baden-wuerttemberg\\\/\"]}]},{\"@type\":\"BreadcrumbList\",\"@id\":\"https:\\\/\\\/www.100dominas.de\\\/dominas\\\/dominas-in-baden-wuerttemberg\\\/#breadcrumb\",\"itemListElement\":[{\"@type\":\"ListItem\",\"position\":1,\"name\":\"Startseite\",\"item\":\"https:\\\/\\\/www.100dominas.de\\\/dominas\\\/\"},{\"@type\":\"ListItem\",\"position\":2,\"name\":\"Dominas in Baden-W\u00fcrttemberg\"}]},{\"@type\":\"WebSite\",\"@id\":\"https:\\\/\\\/www.100dominas.de\\\/dominas\\\/#website\",\"url\":\"https:\\\/\\\/www.100dominas.de\\\/dominas\\\/\",\"name\":\"100 Dominas\",\"description\":\"Die besten Dominas Deutschland\",\"publisher\":{\"@id\":\"https:\\\/\\\/www.100dominas.de\\\/dominas\\\/#organization\"},\"alternateName\":\"Dominas\",\"potentialAction\":[{\"@type\":\"SearchAction\",\"target\":{\"@type\":\"EntryPoint\",\"urlTemplate\":\"https:\\\/\\\/www.100dominas.de\\\/dominas\\\/?s={search_term_string}\"},\"query-input\":{\"@type\":\"PropertyValueSpecification\",\"valueRequired\":true,\"valueName\":\"search_term_string\"}}],\"inLanguage\":\"de\"},{\"@type\":\"Organization\",\"@id\":\"https:\\\/\\\/www.100dominas.de\\\/dominas\\\/#organization\",\"name\":\"100 Dominas\",\"url\":\"https:\\\/\\\/www.100dominas.de\\\/dominas\\\/\",\"logo\":{\"@type\":\"ImageObject\",\"inLanguage\":\"de\",\"@id\":\"https:\\\/\\\/www.100dominas.de\\\/dominas\\\/#\\\/schema\\\/logo\\\/image\\\/\",\"url\":\"https:\\\/\\\/100dominas.de\\\/dominas\\\/wp-content\\\/uploads\\\/2023\\\/03\\\/logo_100dominas_01.png\",\"contentUrl\":\"https:\\\/\\\/100dominas.de\\\/dominas\\\/wp-content\\\/uploads\\\/2023\\\/03\\\/logo_100dominas_01.png\",\"width\":714,\"height\":336,\"caption\":\"100 Dominas\"},\"image\":{\"@id\":\"https:\\\/\\\/www.100dominas.de\\\/dominas\\\/#\\\/schema\\\/logo\\\/image\\\/\"}}]}<\/script>\n<!-- \/ Yoast SEO plugin. -->","yoast_head_json":{"title":"Dominas in Baden-W\u00fcrttemberg - Dominas im Dominaf\u00fchrer","description":"Adressen und Bilder der Dominas im Bundesland Baden-W\u00fcrttemberg. Jetzt Deine Domina ausw\u00e4hlen und buchen. BDSM und FETISH","robots":{"index":"index","follow":"follow","max-snippet":"max-snippet:-1","max-image-preview":"max-image-preview:large","max-video-preview":"max-video-preview:-1"},"canonical":"https:\/\/www.100dominas.de\/dominas\/dominas-in-baden-wuerttemberg\/","og_locale":"de_DE","og_type":"article","og_title":"Dominas in Baden-W\u00fcrttemberg - Dominas im Dominaf\u00fchrer","og_description":"Adressen und Bilder der Dominas im Bundesland Baden-W\u00fcrttemberg. Jetzt Deine Domina ausw\u00e4hlen und buchen. BDSM und FETISH","og_url":"https:\/\/www.100dominas.de\/dominas\/dominas-in-baden-wuerttemberg\/","og_site_name":"Dominas","article_modified_time":"2023-04-05T10:12:21+00:00","og_image":[{"width":357,"height":168,"url":"https:\/\/www.100dominas.de\/dominas\/wp-content\/uploads\/2023\/03\/logo_100dominas_s2x.png","type":"image\/png"}],"twitter_card":"summary_large_image","twitter_misc":{"Gesch\u00e4tzte Lesezeit":"1\u00a0Minute"},"schema":{"@context":"https:\/\/schema.org","@graph":[{"@type":"WebPage","@id":"https:\/\/www.100dominas.de\/dominas\/dominas-in-baden-wuerttemberg\/","url":"https:\/\/www.100dominas.de\/dominas\/dominas-in-baden-wuerttemberg\/","name":"Dominas in Baden-W\u00fcrttemberg - Dominas im Dominaf\u00fchrer","isPartOf":{"@id":"https:\/\/www.100dominas.de\/dominas\/#website"},"datePublished":"2023-03-27T08:05:57+00:00","dateModified":"2023-04-05T10:12:21+00:00","description":"Adressen und Bilder der Dominas im Bundesland Baden-W\u00fcrttemberg. Jetzt Deine Domina ausw\u00e4hlen und buchen. BDSM und FETISH","breadcrumb":{"@id":"https:\/\/www.100dominas.de\/dominas\/dominas-in-baden-wuerttemberg\/#breadcrumb"},"inLanguage":"de","potentialAction":[{"@type":"ReadAction","target":["https:\/\/www.100dominas.de\/dominas\/dominas-in-baden-wuerttemberg\/"]}]},{"@type":"BreadcrumbList","@id":"https:\/\/www.100dominas.de\/dominas\/dominas-in-baden-wuerttemberg\/#breadcrumb","itemListElement":[{"@type":"ListItem","position":1,"name":"Startseite","item":"https:\/\/www.100dominas.de\/dominas\/"},{"@type":"ListItem","position":2,"name":"Dominas in Baden-W\u00fcrttemberg"}]},{"@type":"WebSite","@id":"https:\/\/www.100dominas.de\/dominas\/#website","url":"https:\/\/www.100dominas.de\/dominas\/","name":"100 Dominas","description":"Die besten Dominas Deutschland","publisher":{"@id":"https:\/\/www.100dominas.de\/dominas\/#organization"},"alternateName":"Dominas","potentialAction":[{"@type":"SearchAction","target":{"@type":"EntryPoint","urlTemplate":"https:\/\/www.100dominas.de\/dominas\/?s={search_term_string}"},"query-input":{"@type":"PropertyValueSpecification","valueRequired":true,"valueName":"search_term_string"}}],"inLanguage":"de"},{"@type":"Organization","@id":"https:\/\/www.100dominas.de\/dominas\/#organization","name":"100 Dominas","url":"https:\/\/www.100dominas.de\/dominas\/","logo":{"@type":"ImageObject","inLanguage":"de","@id":"https:\/\/www.100dominas.de\/dominas\/#\/schema\/logo\/image\/","url":"https:\/\/100dominas.de\/dominas\/wp-content\/uploads\/2023\/03\/logo_100dominas_01.png","contentUrl":"https:\/\/100dominas.de\/dominas\/wp-content\/uploads\/2023\/03\/logo_100dominas_01.png","width":714,"height":336,"caption":"100 Dominas"},"image":{"@id":"https:\/\/www.100dominas.de\/dominas\/#\/schema\/logo\/image\/"}}]}},"_links":{"self":[{"href":"https:\/\/www.100dominas.de\/dominas\/wp-json\/wp\/v2\/pages\/1413","targetHints":{"allow":["GET"]}}],"collection":[{"href":"https:\/\/www.100dominas.de\/dominas\/wp-json\/wp\/v2\/pages"}],"about":[{"href":"https:\/\/www.100dominas.de\/dominas\/wp-json\/wp\/v2\/types\/page"}],"author":[{"embeddable":true,"href":"https:\/\/www.100dominas.de\/dominas\/wp-json\/wp\/v2\/users\/1"}],"replies":[{"embeddable":true,"href":"https:\/\/www.100dominas.de\/dominas\/wp-json\/wp\/v2\/comments?post=1413"}],"version-history":[{"count":11,"href":"https:\/\/www.100dominas.de\/dominas\/wp-json\/wp\/v2\/pages\/1413\/revisions"}],"predecessor-version":[{"id":1772,"href":"https:\/\/www.100dominas.de\/dominas\/wp-json\/wp\/v2\/pages\/1413\/revisions\/1772"}],"wp:attachment":[{"href":"https:\/\/www.100dominas.de\/dominas\/wp-json\/wp\/v2\/media?parent=1413"}],"curies":[{"name":"wp","href":"https:\/\/api.w.org\/{rel}","templated":true}]}}