{"id":1424,"date":"2023-03-27T09:28:55","date_gmt":"2023-03-27T08:28:55","guid":{"rendered":"https:\/\/100dominas.de\/dominas\/?page_id=1424"},"modified":"2023-04-05T11:12:50","modified_gmt":"2023-04-05T10:12:50","slug":"dominas-in-bayern","status":"publish","type":"page","link":"https:\/\/www.100dominas.de\/dominas\/dominas-in-bayern\/","title":{"rendered":"Dominas in Bayern"},"content":{"rendered":"<div class=\"wpb-content-wrapper\"><p>[vc_row opacity_overlay=&#8220;10&#8243; margin_bottom=&#8220;60&#8243;][vc_column]<div class=\"grve-element grve-slogan grve-align-center\" style=\"\"><div class=\"grve-slogan-subtitle\">HIER FINDEST DU<\/div><h1 class=\"grve-slogan-title grve-align-center grve-title-no-line\">DIE BESTEN DOMINAS IN BAYERN<\/h1>  <p>ausgesuchte Dominas in Latex und Leder<\/p><\/div>[\/vc_column][\/vc_row][vc_row opacity_overlay=&#8220;10&#8243; margin_bottom=&#8220;60&#8243;][vc_column]  <hr class=\"grve-element grve-line-divider grve-fullwidth-element \" style=\"\">[\/vc_column][\/vc_row][vc_row opacity_overlay=&#8220;10&#8243; font_color=&#8220;#ffffff&#8220; padding_top=&#8220;60&#8243; padding_bottom=&#8220;60&#8243; bg_color=&#8220;#d05fff&#8220;][vc_column]\t\t\t<div class=\"grve-element grve-portfolio grve-default-hover grve-disabled-greyscale\" style=\"\">\r\n\t\t\r\n\t\t\t\t<div class=\"grve-isotope-container\" data-columns=\"3\" data-layout=\"fitRows\">\r\n\t\t\r\n<div id=\"portfolio-1304-6a00528f0edd6\" class=\"grve-hover-item grve-isotope-item post-1304 portfolio type-portfolio status-publish has-post-thumbnail hentry portfolio_category-bayern portfolio_field-just-a-test portfolio_category_bayern\">\r\n\t<a href=\"https:\/\/www.100dominas.de\/dominas\/portfolio\/domina-lady-cynthia-muenchen\/\">\r\n\t\t<img decoding=\"async\" width=\"300\" height=\"430\" src=\"https:\/\/www.100dominas.de\/dominas\/wp-content\/uploads\/2023\/03\/img_274.722fbf4bd66f5202f8e22b416b10664b-300x430.jpg\" class=\"attachment-grve-image-medium-rect size-grve-image-medium-rect\" alt=\"Domina Lady Cynthia\" \/>\t\t<div class=\"grve-hover-content\">\r\n\t\t\t<div class=\"grve-hover-title\">Domina Lady Cynthia<\/div>\r\n\t\t\t<div class=\"grve-hover-subtitle\">DOMINA IN M\u00dcNCHEN<\/div>\r\n\t\t<\/div>\r\n\t<\/a>\r\n<\/div>\r\n<div id=\"portfolio-1288-6a00528f0f3e0\" class=\"grve-hover-item grve-isotope-item post-1288 portfolio type-portfolio status-publish has-post-thumbnail hentry portfolio_category-bayern portfolio_field-just-a-test portfolio_category_bayern\">\r\n\t<a href=\"https:\/\/www.100dominas.de\/dominas\/portfolio\/domina-lady-julia-nuernberg\/\">\r\n\t\t<img decoding=\"async\" width=\"315\" height=\"430\" src=\"https:\/\/www.100dominas.de\/dominas\/wp-content\/uploads\/2023\/03\/cid_CF742B10-A8722V_Typ_B-315x430.jpg\" class=\"attachment-grve-image-medium-rect size-grve-image-medium-rect\" alt=\"Domina Lady Julia\" \/>\t\t<div class=\"grve-hover-content\">\r\n\t\t\t<div class=\"grve-hover-title\">Domina Lady Julia<\/div>\r\n\t\t\t<div class=\"grve-hover-subtitle\">DOMINA IN N\u00dcRNBERG<\/div>\r\n\t\t<\/div>\r\n\t<\/a>\r\n<\/div>\r\n<div id=\"portfolio-1301-6a00528f0f865\" class=\"grve-hover-item grve-isotope-item post-1301 portfolio type-portfolio status-publish has-post-thumbnail hentry portfolio_category-bayern portfolio_field-just-a-test portfolio_category_bayern\">\r\n\t<a href=\"https:\/\/www.100dominas.de\/dominas\/portfolio\/domina-madame-charlott-nuernberg\/\">\r\n\t\t<img decoding=\"async\" width=\"430\" height=\"430\" src=\"https:\/\/www.100dominas.de\/dominas\/wp-content\/uploads\/2023\/03\/madame-charlott-06-640x1183-1-430x430.jpg\" class=\"attachment-grve-image-medium-rect size-grve-image-medium-rect\" alt=\"Domina Madame Charlott\" srcset=\"https:\/\/www.100dominas.de\/dominas\/wp-content\/uploads\/2023\/03\/madame-charlott-06-640x1183-1-430x430.jpg 430w, https:\/\/www.100dominas.de\/dominas\/wp-content\/uploads\/2023\/03\/madame-charlott-06-640x1183-1-80x80.jpg 80w, https:\/\/www.100dominas.de\/dominas\/wp-content\/uploads\/2023\/03\/madame-charlott-06-640x1183-1-560x560.jpg 560w\" sizes=\"(max-width: 430px) 100vw, 430px\" \/>\t\t<div class=\"grve-hover-content\">\r\n\t\t\t<div class=\"grve-hover-title\">Domina Madame Charlott<\/div>\r\n\t\t\t<div class=\"grve-hover-subtitle\">DOMINA IN N\u00dcRNBERG<\/div>\r\n\t\t<\/div>\r\n\t<\/a>\r\n<\/div>\r\n<div id=\"portfolio-1294-6a00528f0fd20\" class=\"grve-hover-item grve-isotope-item post-1294 portfolio type-portfolio status-publish has-post-thumbnail hentry portfolio_category-bayern portfolio_field-just-a-test portfolio_category_bayern\">\r\n\t<a href=\"https:\/\/www.100dominas.de\/dominas\/portfolio\/domina-comtesse-desiree-muenchen\/\">\r\n\t\t<img decoding=\"async\" width=\"337\" height=\"430\" src=\"https:\/\/www.100dominas.de\/dominas\/wp-content\/uploads\/2023\/03\/img_3465.e6aff77ed2dc91411886004731eb5f52-337x430.jpg\" class=\"attachment-grve-image-medium-rect size-grve-image-medium-rect\" alt=\"Domina Comtesse Desiree\" \/>\t\t<div class=\"grve-hover-content\">\r\n\t\t\t<div class=\"grve-hover-title\">Domina Comtesse Desiree<\/div>\r\n\t\t\t<div class=\"grve-hover-subtitle\">DOMINA IN M\u00dcNCHEN<\/div>\r\n\t\t<\/div>\r\n\t<\/a>\r\n<\/div>\r\n<div id=\"portfolio-1172-6a00528f101b9\" class=\"grve-hover-item grve-isotope-item post-1172 portfolio type-portfolio status-publish has-post-thumbnail hentry portfolio_category-bayern portfolio_field-just-a-test portfolio_category_bayern\">\r\n\t<a href=\"https:\/\/www.100dominas.de\/dominas\/portfolio\/domina-miss-kaya-mia-muenchen\/\">\r\n\t\t<img decoding=\"async\" width=\"430\" height=\"430\" src=\"https:\/\/www.100dominas.de\/dominas\/wp-content\/uploads\/2023\/03\/web_dsc06208.80b4b369ba47e1c2202b61b3277a74de-430x430.jpg\" class=\"attachment-grve-image-medium-rect size-grve-image-medium-rect\" alt=\"Miss Kaya Mia\" srcset=\"https:\/\/www.100dominas.de\/dominas\/wp-content\/uploads\/2023\/03\/web_dsc06208.80b4b369ba47e1c2202b61b3277a74de-430x430.jpg 430w, https:\/\/www.100dominas.de\/dominas\/wp-content\/uploads\/2023\/03\/web_dsc06208.80b4b369ba47e1c2202b61b3277a74de-80x80.jpg 80w, https:\/\/www.100dominas.de\/dominas\/wp-content\/uploads\/2023\/03\/web_dsc06208.80b4b369ba47e1c2202b61b3277a74de-560x560.jpg 560w\" sizes=\"(max-width: 430px) 100vw, 430px\" \/>\t\t<div class=\"grve-hover-content\">\r\n\t\t\t<div class=\"grve-hover-title\">Domina Miss Kaya Mia<\/div>\r\n\t\t\t<div class=\"grve-hover-subtitle\">DOMINA IN M\u00dcNCHEN<\/div>\r\n\t\t<\/div>\r\n\t<\/a>\r\n<\/div>\r\n<div id=\"portfolio-1278-6a00528f10671\" class=\"grve-hover-item grve-isotope-item post-1278 portfolio type-portfolio status-publish has-post-thumbnail hentry portfolio_category-bayern portfolio_field-just-a-test portfolio_category_bayern\">\r\n\t<a href=\"https:\/\/www.100dominas.de\/dominas\/portfolio\/domina-herrin-roxana-muenchen\/\">\r\n\t\t<img decoding=\"async\" width=\"301\" height=\"430\" src=\"https:\/\/www.100dominas.de\/dominas\/wp-content\/uploads\/2023\/03\/startbild_fetischstudio_life-style.0fb838e5f1999123ab1b474d952852ed-301x430.jpg\" class=\"attachment-grve-image-medium-rect size-grve-image-medium-rect\" alt=\"Domina Herrin Roxana\" \/>\t\t<div class=\"grve-hover-content\">\r\n\t\t\t<div class=\"grve-hover-title\">Domina Herrin Roxana<\/div>\r\n\t\t\t<div class=\"grve-hover-subtitle\">DOMINA IN M\u00dcNCHEN<\/div>\r\n\t\t<\/div>\r\n\t<\/a>\r\n<\/div>\r\n<div id=\"portfolio-1275-6a00528f10af2\" class=\"grve-hover-item grve-isotope-item post-1275 portfolio type-portfolio status-publish has-post-thumbnail hentry portfolio_category-bayern portfolio_field-just-a-test portfolio_category_bayern\">\r\n\t<a href=\"https:\/\/www.100dominas.de\/dominas\/portfolio\/domina-natascha-von-steinberg-nuernberg\/\">\r\n\t\t<img decoding=\"async\" width=\"277\" height=\"430\" src=\"https:\/\/www.100dominas.de\/dominas\/wp-content\/uploads\/2023\/03\/2.830d4d7446b2fcd33107d48135f7b543-277x430.jpg\" class=\"attachment-grve-image-medium-rect size-grve-image-medium-rect\" alt=\"Domina Natascha von Steinberg\" \/>\t\t<div class=\"grve-hover-content\">\r\n\t\t\t<div class=\"grve-hover-title\">Natascha von Steinberg<\/div>\r\n\t\t\t<div class=\"grve-hover-subtitle\">DOMINA IN N\u00dcRNBERG<\/div>\r\n\t\t<\/div>\r\n\t<\/a>\r\n<\/div>\r\n<div id=\"portfolio-1291-6a00528f10fb4\" class=\"grve-hover-item grve-isotope-item post-1291 portfolio type-portfolio status-publish has-post-thumbnail hentry portfolio_category-bayern portfolio_field-just-a-test portfolio_category_bayern\">\r\n\t<a href=\"https:\/\/www.100dominas.de\/dominas\/portfolio\/domina-lady-belle-jolie-muenchen\/\">\r\n\t\t<img decoding=\"async\" width=\"430\" height=\"430\" src=\"https:\/\/www.100dominas.de\/dominas\/wp-content\/uploads\/2023\/03\/Front_2019-768x1143-1-430x430.jpg\" class=\"attachment-grve-image-medium-rect size-grve-image-medium-rect\" alt=\"Domina Lady Belle Jolie\" srcset=\"https:\/\/www.100dominas.de\/dominas\/wp-content\/uploads\/2023\/03\/Front_2019-768x1143-1-430x430.jpg 430w, https:\/\/www.100dominas.de\/dominas\/wp-content\/uploads\/2023\/03\/Front_2019-768x1143-1-80x80.jpg 80w, https:\/\/www.100dominas.de\/dominas\/wp-content\/uploads\/2023\/03\/Front_2019-768x1143-1-560x560.jpg 560w\" sizes=\"(max-width: 430px) 100vw, 430px\" \/>\t\t<div class=\"grve-hover-content\">\r\n\t\t\t<div class=\"grve-hover-title\">Domina Lady Belle Jolie<\/div>\r\n\t\t\t<div class=\"grve-hover-subtitle\">DOMINA IN M\u00dcNCHEN<\/div>\r\n\t\t<\/div>\r\n\t<\/a>\r\n<\/div>\r\n<div id=\"portfolio-1297-6a00528f1148c\" class=\"grve-hover-item grve-isotope-item post-1297 portfolio type-portfolio status-publish has-post-thumbnail hentry portfolio_category-bayern portfolio_field-just-a-test portfolio_category_bayern\">\r\n\t<a href=\"https:\/\/www.100dominas.de\/dominas\/portfolio\/domina-miss-mia-marlee-muenchen\/\">\r\n\t\t<img decoding=\"async\" width=\"430\" height=\"430\" src=\"https:\/\/www.100dominas.de\/dominas\/wp-content\/uploads\/2023\/03\/DSC2214_web-430x430.jpg\" class=\"attachment-grve-image-medium-rect size-grve-image-medium-rect\" alt=\"Domina Miss Mia Marlee\" srcset=\"https:\/\/www.100dominas.de\/dominas\/wp-content\/uploads\/2023\/03\/DSC2214_web-430x430.jpg 430w, https:\/\/www.100dominas.de\/dominas\/wp-content\/uploads\/2023\/03\/DSC2214_web-80x80.jpg 80w, https:\/\/www.100dominas.de\/dominas\/wp-content\/uploads\/2023\/03\/DSC2214_web-560x560.jpg 560w\" sizes=\"(max-width: 430px) 100vw, 430px\" \/>\t\t<div class=\"grve-hover-content\">\r\n\t\t\t<div class=\"grve-hover-title\">Domina Miss Mia Marlee<\/div>\r\n\t\t\t<div class=\"grve-hover-subtitle\">DOMINA IN M\u00dcNCHEN<\/div>\r\n\t\t<\/div>\r\n\t<\/a>\r\n<\/div>\r\n<div id=\"portfolio-1285-6a00528f119bb\" class=\"grve-hover-item grve-isotope-item post-1285 portfolio type-portfolio status-publish has-post-thumbnail hentry portfolio_category-bayern portfolio_field-just-a-test portfolio_category_bayern\">\r\n\t<a href=\"https:\/\/www.100dominas.de\/dominas\/portfolio\/domina-lady-vivian-augsburg\/\">\r\n\t\t<img decoding=\"async\" width=\"430\" height=\"430\" src=\"https:\/\/www.100dominas.de\/dominas\/wp-content\/uploads\/2023\/03\/IMG_3420-768x1126-1-430x430.jpg\" class=\"attachment-grve-image-medium-rect size-grve-image-medium-rect\" alt=\"Domina Lady Vivian\" srcset=\"https:\/\/www.100dominas.de\/dominas\/wp-content\/uploads\/2023\/03\/IMG_3420-768x1126-1-430x430.jpg 430w, https:\/\/www.100dominas.de\/dominas\/wp-content\/uploads\/2023\/03\/IMG_3420-768x1126-1-80x80.jpg 80w, https:\/\/www.100dominas.de\/dominas\/wp-content\/uploads\/2023\/03\/IMG_3420-768x1126-1-560x560.jpg 560w\" sizes=\"(max-width: 430px) 100vw, 430px\" \/>\t\t<div class=\"grve-hover-content\">\r\n\t\t\t<div class=\"grve-hover-title\">Domina Lady Vivian<\/div>\r\n\t\t\t<div class=\"grve-hover-subtitle\">DOMINA IN AUGSBURG<\/div>\r\n\t\t<\/div>\r\n\t<\/a>\r\n<\/div>\r\n<div id=\"portfolio-1307-6a00528f11e7f\" class=\"grve-hover-item grve-isotope-item post-1307 portfolio type-portfolio status-publish has-post-thumbnail hentry portfolio_category-bayern portfolio_field-just-a-test portfolio_category_bayern\">\r\n\t<a href=\"https:\/\/www.100dominas.de\/dominas\/portfolio\/domina-lady-cendra-nuernberg\/\">\r\n\t\t<img decoding=\"async\" width=\"300\" height=\"430\" src=\"https:\/\/www.100dominas.de\/dominas\/wp-content\/uploads\/2023\/03\/klimg_7701.c50210067c7950fb6e40de779776584d-300x430.jpg\" class=\"attachment-grve-image-medium-rect size-grve-image-medium-rect\" alt=\"\" \/>\t\t<div class=\"grve-hover-content\">\r\n\t\t\t<div class=\"grve-hover-title\">Domina Lady Cendra<\/div>\r\n\t\t\t<div class=\"grve-hover-subtitle\">DOMINA IN N\u00dcRNBERG<\/div>\r\n\t\t<\/div>\r\n\t<\/a>\r\n<\/div>\t\t\t\t<\/div>\r\n\t\t\t<\/div>\r\n\r\n\t\t[\/vc_column][\/vc_row][vc_row opacity_overlay=&#8220;10&#8243; footer_feature=&#8220;yes&#8220; margin_bottom=&#8220;80&#8243;][vc_column tablet_width=&#8220;1&#8243;]  <hr class=\"grve-element grve-line-divider grve-fullwidth-element \" style=\"\">[vc_raw_html]JTNDcCUyMGFsaWduJTNEJTIyY2VudGVyJTIyJTNFJTNDJTIxLS0lMjBFcm8lMjBNYXN0ZXIlMjBBc3luY2hyb25vdXMlMjBKUyUyMFRhZyUyMC0lMjBHZW5lcmF0ZWQlMjB3aXRoJTIwUmV2aXZlJTIwQWRzZXJ2ZXIlMjB2NC4xLjQlMjAtLSUzRSUwQSUzQ2lucyUyMGRhdGEtcmV2aXZlLXpvbmVpZCUzRCUyMjUlMjIlMjBkYXRhLXJldml2ZS1ibG9jayUzRCUyMjElMjIlMjBkYXRhLXJldml2ZS1pZCUzRCUyMjhjODUxNGY4M2JjMjRhYzE4NWU0MjkxYmY4ZDgxYzFlJTIyJTNFJTNDJTJGaW5zJTNFJTBBJTNDc2NyaXB0JTIwYXN5bmMlMjBzcmMlM0QlMjIlMkYlMkZhZHMuZXJvLW1hc3Rlci5kZSUyRm1hcnMlMkZ3d3clMkZkZWxpdmVyeSUyRmFzeW5janMucGhwJTIyJTNFJTNDJTJGc2NyaXB0JTNFJTNDJTJGcCUzRQ==[\/vc_raw_html][vc_column_text]<\/p>\n<h2 style=\"text-align: center;\">DEIN VORSCHLAG F\u00dcR DIE TOP100 DOMINAS<\/h2>\n<p style=\"text-align: center;\">Du hast eine Domina gefunden, die Deiner Meinung nach in diese top100 geh\u00f6rt? Gerne kannst du Sie f\u00fcr diese Webseite vorschlagen.<br \/>\nEin Einsendeformular f\u00fcr Deinen Vorschlag findest Du\u00a0<strong><a title=\"Domina Vorschlag\" href=\"https:\/\/www.100dominas.de\/dominas\/domina-eintragen\/\">hier<\/a><\/strong>.<\/p>\n<p>[\/vc_column_text][vc_raw_html]JTNDcCUyMGFsaWduJTNEJTIyY2VudGVyJTIyJTNFJTNDJTIxLS0lMjBFcm8lMjBNYXN0ZXIlMjBBc3luY2hyb25vdXMlMjBKUyUyMFRhZyUyMC0lMjBHZW5lcmF0ZWQlMjB3aXRoJTIwUmV2aXZlJTIwQWRzZXJ2ZXIlMjB2NC4xLjQlMjAtLSUzRSUwQSUzQ2lucyUyMGRhdGEtcmV2aXZlLXpvbmVpZCUzRCUyMjUlMjIlMjBkYXRhLXJldml2ZS1ibG9jayUzRCUyMjElMjIlMjBkYXRhLXJldml2ZS1pZCUzRCUyMjhjODUxNGY4M2JjMjRhYzE4NWU0MjkxYmY4ZDgxYzFlJTIyJTNFJTNDJTJGaW5zJTNFJTBBJTNDc2NyaXB0JTIwYXN5bmMlMjBzcmMlM0QlMjIlMkYlMkZhZHMuZXJvLW1hc3Rlci5kZSUyRm1hcnMlMkZ3d3clMkZkZWxpdmVyeSUyRmFzeW5janMucGhwJTIyJTNFJTNDJTJGc2NyaXB0JTNFJTNDJTJGcCUzRQ==[\/vc_raw_html][\/vc_column][\/vc_row]<\/p>\n<\/div>","protected":false},"excerpt":{"rendered":"<p>[vc_row opacity_overlay=&#8220;10&#8243; margin_bottom=&#8220;60&#8243;][vc_column][\/vc_column][\/vc_row][vc_row opacity_overlay=&#8220;10&#8243; margin_bottom=&#8220;60&#8243;][vc_column][\/vc_column][\/vc_row][vc_row opacity_overlay=&#8220;10&#8243; font_color=&#8220;#ffffff&#8220; padding_top=&#8220;60&#8243; padding_bottom=&#8220;60&#8243; bg_color=&#8220;#d05fff&#8220;][vc_column][\/vc_column][\/vc_row][vc_row opacity_overlay=&#8220;10&#8243; footer_feature=&#8220;yes&#8220; margin_bottom=&#8220;80&#8243;][vc_column tablet_width=&#8220;1&#8243;][vc_raw_html]JTNDcCUyMGFsaWduJTNEJTIyY2VudGVyJTIyJTNFJTNDJTIxLS0lMjBFcm8lMjBNYXN0ZXIlMjBBc3luY2hyb25vdXMlMjBKUyUyMFRhZyUyMC0lMjBHZW5lcmF0ZWQlMjB3aXRoJTIwUmV2aXZlJTIwQWRzZXJ2ZXIlMjB2NC4xLjQlMjAtLSUzRSUwQSUzQ2lucyUyMGRhdGEtcmV2aXZlLXpvbmVpZCUzRCUyMjUlMjIlMjBkYXRhLXJldml2ZS1ibG9jayUzRCUyMjElMjIlMjBkYXRhLXJldml2ZS1pZCUzRCUyMjhjODUxNGY4M2JjMjRhYzE4NWU0MjkxYmY4ZDgxYzFlJTIyJTNFJTNDJTJGaW5zJTNFJTBBJTNDc2NyaXB0JTIwYXN5bmMlMjBzcmMlM0QlMjIlMkYlMkZhZHMuZXJvLW1hc3Rlci5kZSUyRm1hcnMlMkZ3d3clMkZkZWxpdmVyeSUyRmFzeW5janMucGhwJTIyJTNFJTNDJTJGc2NyaXB0JTNFJTNDJTJGcCUzRQ==[\/vc_raw_html][vc_column_text] DEIN VORSCHLAG F\u00dcR DIE TOP100 DOMINAS Du hast eine Domina gefunden, die Deiner Meinung nach in diese top100 geh\u00f6rt? Gerne kannst du Sie f\u00fcr diese Webseite vorschlagen. Ein Einsendeformular f\u00fcr Deinen Vorschlag findest Du\u00a0hier. [\/vc_column_text][vc_raw_html]JTNDcCUyMGFsaWduJTNEJTIyY2VudGVyJTIyJTNFJTNDJTIxLS0lMjBFcm8lMjBNYXN0ZXIlMjBBc3luY2hyb25vdXMlMjBKUyUyMFRhZyUyMC0lMjBHZW5lcmF0ZWQlMjB3aXRoJTIwUmV2aXZlJTIwQWRzZXJ2ZXIlMjB2NC4xLjQlMjAtLSUzRSUwQSUzQ2lucyUyMGRhdGEtcmV2aXZlLXpvbmVpZCUzRCUyMjUlMjIlMjBkYXRhLXJldml2ZS1ibG9jayUzRCUyMjElMjIlMjBkYXRhLXJldml2ZS1pZCUzRCUyMjhjODUxNGY4M2JjMjRhYzE4NWU0MjkxYmY4ZDgxYzFlJTIyJTNFJTNDJTJGaW5zJTNFJTBBJTNDc2NyaXB0JTIwYXN5bmMlMjBzcmMlM0QlMjIlMkYlMkZhZHMuZXJvLW1hc3Rlci5kZSUyRm1hcnMlMkZ3d3clMkZkZWxpdmVyeSUyRmFzeW5janMucGhwJTIyJTNFJTNDJTJGc2NyaXB0JTNFJTNDJTJGcCUzRQ==[\/vc_raw_html][\/vc_column][\/vc_row]<\/p>\n","protected":false},"author":1,"featured_media":0,"parent":0,"menu_order":0,"comment_status":"closed","ping_status":"closed","template":"","meta":{"footnotes":""},"class_list":["post-1424","page","type-page","status-publish","hentry"],"yoast_head":"<!-- This site is optimized with the Yoast SEO plugin v27.5 - https:\/\/yoast.com\/product\/yoast-seo-wordpress\/ -->\n<title>Dominas in Bayern - Dominas im Dominaf\u00fchrer Bayern<\/title>\n<meta name=\"description\" content=\"Adressen und Bilder der Dominas im Bundesland Bayern. Jetzt Deine Domina ausw\u00e4hlen und buchen. BDSM und FETISH Bayern\" \/>\n<meta name=\"robots\" content=\"index, follow, max-snippet:-1, max-image-preview:large, max-video-preview:-1\" \/>\n<link rel=\"canonical\" href=\"https:\/\/www.100dominas.de\/dominas\/dominas-in-bayern\/\" \/>\n<meta property=\"og:locale\" content=\"de_DE\" \/>\n<meta property=\"og:type\" content=\"article\" \/>\n<meta property=\"og:title\" content=\"Dominas in Bayern - Dominas im Dominaf\u00fchrer Bayern\" \/>\n<meta property=\"og:description\" content=\"Adressen und Bilder der Dominas im Bundesland Bayern. Jetzt Deine Domina ausw\u00e4hlen und buchen. BDSM und FETISH Bayern\" \/>\n<meta property=\"og:url\" content=\"https:\/\/www.100dominas.de\/dominas\/dominas-in-bayern\/\" \/>\n<meta property=\"og:site_name\" content=\"Dominas\" \/>\n<meta property=\"article:modified_time\" content=\"2023-04-05T10:12:50+00:00\" \/>\n<meta property=\"og:image\" content=\"https:\/\/www.100dominas.de\/dominas\/wp-content\/uploads\/2023\/03\/logo_100dominas_s2x.png\" \/>\n\t<meta property=\"og:image:width\" content=\"357\" \/>\n\t<meta property=\"og:image:height\" content=\"168\" \/>\n\t<meta property=\"og:image:type\" content=\"image\/png\" \/>\n<meta name=\"twitter:card\" content=\"summary_large_image\" \/>\n<meta name=\"twitter:label1\" content=\"Gesch\u00e4tzte Lesezeit\" \/>\n\t<meta name=\"twitter:data1\" content=\"1\u00a0Minute\" \/>\n<script type=\"application\/ld+json\" class=\"yoast-schema-graph\">{\"@context\":\"https:\\\/\\\/schema.org\",\"@graph\":[{\"@type\":\"WebPage\",\"@id\":\"https:\\\/\\\/www.100dominas.de\\\/dominas\\\/dominas-in-bayern\\\/\",\"url\":\"https:\\\/\\\/www.100dominas.de\\\/dominas\\\/dominas-in-bayern\\\/\",\"name\":\"Dominas in Bayern - Dominas im Dominaf\u00fchrer Bayern\",\"isPartOf\":{\"@id\":\"https:\\\/\\\/www.100dominas.de\\\/dominas\\\/#website\"},\"datePublished\":\"2023-03-27T08:28:55+00:00\",\"dateModified\":\"2023-04-05T10:12:50+00:00\",\"description\":\"Adressen und Bilder der Dominas im Bundesland Bayern. Jetzt Deine Domina ausw\u00e4hlen und buchen. BDSM und FETISH Bayern\",\"breadcrumb\":{\"@id\":\"https:\\\/\\\/www.100dominas.de\\\/dominas\\\/dominas-in-bayern\\\/#breadcrumb\"},\"inLanguage\":\"de\",\"potentialAction\":[{\"@type\":\"ReadAction\",\"target\":[\"https:\\\/\\\/www.100dominas.de\\\/dominas\\\/dominas-in-bayern\\\/\"]}]},{\"@type\":\"BreadcrumbList\",\"@id\":\"https:\\\/\\\/www.100dominas.de\\\/dominas\\\/dominas-in-bayern\\\/#breadcrumb\",\"itemListElement\":[{\"@type\":\"ListItem\",\"position\":1,\"name\":\"Startseite\",\"item\":\"https:\\\/\\\/www.100dominas.de\\\/dominas\\\/\"},{\"@type\":\"ListItem\",\"position\":2,\"name\":\"Dominas in Bayern\"}]},{\"@type\":\"WebSite\",\"@id\":\"https:\\\/\\\/www.100dominas.de\\\/dominas\\\/#website\",\"url\":\"https:\\\/\\\/www.100dominas.de\\\/dominas\\\/\",\"name\":\"100 Dominas\",\"description\":\"Die besten Dominas Deutschland\",\"publisher\":{\"@id\":\"https:\\\/\\\/www.100dominas.de\\\/dominas\\\/#organization\"},\"alternateName\":\"Dominas\",\"potentialAction\":[{\"@type\":\"SearchAction\",\"target\":{\"@type\":\"EntryPoint\",\"urlTemplate\":\"https:\\\/\\\/www.100dominas.de\\\/dominas\\\/?s={search_term_string}\"},\"query-input\":{\"@type\":\"PropertyValueSpecification\",\"valueRequired\":true,\"valueName\":\"search_term_string\"}}],\"inLanguage\":\"de\"},{\"@type\":\"Organization\",\"@id\":\"https:\\\/\\\/www.100dominas.de\\\/dominas\\\/#organization\",\"name\":\"100 Dominas\",\"url\":\"https:\\\/\\\/www.100dominas.de\\\/dominas\\\/\",\"logo\":{\"@type\":\"ImageObject\",\"inLanguage\":\"de\",\"@id\":\"https:\\\/\\\/www.100dominas.de\\\/dominas\\\/#\\\/schema\\\/logo\\\/image\\\/\",\"url\":\"https:\\\/\\\/100dominas.de\\\/dominas\\\/wp-content\\\/uploads\\\/2023\\\/03\\\/logo_100dominas_01.png\",\"contentUrl\":\"https:\\\/\\\/100dominas.de\\\/dominas\\\/wp-content\\\/uploads\\\/2023\\\/03\\\/logo_100dominas_01.png\",\"width\":714,\"height\":336,\"caption\":\"100 Dominas\"},\"image\":{\"@id\":\"https:\\\/\\\/www.100dominas.de\\\/dominas\\\/#\\\/schema\\\/logo\\\/image\\\/\"}}]}<\/script>\n<!-- \/ Yoast SEO plugin. -->","yoast_head_json":{"title":"Dominas in Bayern - Dominas im Dominaf\u00fchrer Bayern","description":"Adressen und Bilder der Dominas im Bundesland Bayern. Jetzt Deine Domina ausw\u00e4hlen und buchen. BDSM und FETISH Bayern","robots":{"index":"index","follow":"follow","max-snippet":"max-snippet:-1","max-image-preview":"max-image-preview:large","max-video-preview":"max-video-preview:-1"},"canonical":"https:\/\/www.100dominas.de\/dominas\/dominas-in-bayern\/","og_locale":"de_DE","og_type":"article","og_title":"Dominas in Bayern - Dominas im Dominaf\u00fchrer Bayern","og_description":"Adressen und Bilder der Dominas im Bundesland Bayern. Jetzt Deine Domina ausw\u00e4hlen und buchen. BDSM und FETISH Bayern","og_url":"https:\/\/www.100dominas.de\/dominas\/dominas-in-bayern\/","og_site_name":"Dominas","article_modified_time":"2023-04-05T10:12:50+00:00","og_image":[{"width":357,"height":168,"url":"https:\/\/www.100dominas.de\/dominas\/wp-content\/uploads\/2023\/03\/logo_100dominas_s2x.png","type":"image\/png"}],"twitter_card":"summary_large_image","twitter_misc":{"Gesch\u00e4tzte Lesezeit":"1\u00a0Minute"},"schema":{"@context":"https:\/\/schema.org","@graph":[{"@type":"WebPage","@id":"https:\/\/www.100dominas.de\/dominas\/dominas-in-bayern\/","url":"https:\/\/www.100dominas.de\/dominas\/dominas-in-bayern\/","name":"Dominas in Bayern - Dominas im Dominaf\u00fchrer Bayern","isPartOf":{"@id":"https:\/\/www.100dominas.de\/dominas\/#website"},"datePublished":"2023-03-27T08:28:55+00:00","dateModified":"2023-04-05T10:12:50+00:00","description":"Adressen und Bilder der Dominas im Bundesland Bayern. Jetzt Deine Domina ausw\u00e4hlen und buchen. BDSM und FETISH Bayern","breadcrumb":{"@id":"https:\/\/www.100dominas.de\/dominas\/dominas-in-bayern\/#breadcrumb"},"inLanguage":"de","potentialAction":[{"@type":"ReadAction","target":["https:\/\/www.100dominas.de\/dominas\/dominas-in-bayern\/"]}]},{"@type":"BreadcrumbList","@id":"https:\/\/www.100dominas.de\/dominas\/dominas-in-bayern\/#breadcrumb","itemListElement":[{"@type":"ListItem","position":1,"name":"Startseite","item":"https:\/\/www.100dominas.de\/dominas\/"},{"@type":"ListItem","position":2,"name":"Dominas in Bayern"}]},{"@type":"WebSite","@id":"https:\/\/www.100dominas.de\/dominas\/#website","url":"https:\/\/www.100dominas.de\/dominas\/","name":"100 Dominas","description":"Die besten Dominas Deutschland","publisher":{"@id":"https:\/\/www.100dominas.de\/dominas\/#organization"},"alternateName":"Dominas","potentialAction":[{"@type":"SearchAction","target":{"@type":"EntryPoint","urlTemplate":"https:\/\/www.100dominas.de\/dominas\/?s={search_term_string}"},"query-input":{"@type":"PropertyValueSpecification","valueRequired":true,"valueName":"search_term_string"}}],"inLanguage":"de"},{"@type":"Organization","@id":"https:\/\/www.100dominas.de\/dominas\/#organization","name":"100 Dominas","url":"https:\/\/www.100dominas.de\/dominas\/","logo":{"@type":"ImageObject","inLanguage":"de","@id":"https:\/\/www.100dominas.de\/dominas\/#\/schema\/logo\/image\/","url":"https:\/\/100dominas.de\/dominas\/wp-content\/uploads\/2023\/03\/logo_100dominas_01.png","contentUrl":"https:\/\/100dominas.de\/dominas\/wp-content\/uploads\/2023\/03\/logo_100dominas_01.png","width":714,"height":336,"caption":"100 Dominas"},"image":{"@id":"https:\/\/www.100dominas.de\/dominas\/#\/schema\/logo\/image\/"}}]}},"_links":{"self":[{"href":"https:\/\/www.100dominas.de\/dominas\/wp-json\/wp\/v2\/pages\/1424","targetHints":{"allow":["GET"]}}],"collection":[{"href":"https:\/\/www.100dominas.de\/dominas\/wp-json\/wp\/v2\/pages"}],"about":[{"href":"https:\/\/www.100dominas.de\/dominas\/wp-json\/wp\/v2\/types\/page"}],"author":[{"embeddable":true,"href":"https:\/\/www.100dominas.de\/dominas\/wp-json\/wp\/v2\/users\/1"}],"replies":[{"embeddable":true,"href":"https:\/\/www.100dominas.de\/dominas\/wp-json\/wp\/v2\/comments?post=1424"}],"version-history":[{"count":2,"href":"https:\/\/www.100dominas.de\/dominas\/wp-json\/wp\/v2\/pages\/1424\/revisions"}],"predecessor-version":[{"id":1773,"href":"https:\/\/www.100dominas.de\/dominas\/wp-json\/wp\/v2\/pages\/1424\/revisions\/1773"}],"wp:attachment":[{"href":"https:\/\/www.100dominas.de\/dominas\/wp-json\/wp\/v2\/media?parent=1424"}],"curies":[{"name":"wp","href":"https:\/\/api.w.org\/{rel}","templated":true}]}}