{"id":1439,"date":"2023-03-27T10:44:02","date_gmt":"2023-03-27T09:44:02","guid":{"rendered":"https:\/\/100dominas.de\/dominas\/?page_id=1439"},"modified":"2023-04-05T11:14:12","modified_gmt":"2023-04-05T10:14:12","slug":"dominas-in-sachsen","status":"publish","type":"page","link":"https:\/\/www.100dominas.de\/dominas\/dominas-in-sachsen\/","title":{"rendered":"Dominas in Sachsen"},"content":{"rendered":"<div class=\"wpb-content-wrapper\"><p>[vc_row opacity_overlay=&#8220;10&#8243; margin_bottom=&#8220;60&#8243;][vc_column]<div class=\"grve-element grve-slogan grve-align-center\" style=\"\"><div class=\"grve-slogan-subtitle\">HIER FINDEST DU<\/div><h1 class=\"grve-slogan-title grve-align-center grve-title-no-line\">DIE BESTEN DOMINAS IN SACHSEN<\/h1>  <p>ausgesuchte Dominas in Latex und Leder<\/p><\/div>[\/vc_column][\/vc_row][vc_row opacity_overlay=&#8220;10&#8243; margin_bottom=&#8220;60&#8243;][vc_column]  <hr class=\"grve-element grve-line-divider grve-fullwidth-element \" style=\"\">[\/vc_column][\/vc_row][vc_row opacity_overlay=&#8220;10&#8243; font_color=&#8220;#ffffff&#8220; padding_top=&#8220;60&#8243; padding_bottom=&#8220;60&#8243; bg_color=&#8220;#d05fff&#8220;][vc_column]\t\t\t<div class=\"grve-element grve-portfolio grve-default-hover grve-disabled-greyscale\" style=\"\">\r\n\t\t\r\n\t\t\t\t<div class=\"grve-isotope-container\" data-columns=\"3\" data-layout=\"fitRows\">\r\n\t\t\r\n<div id=\"portfolio-1319-69d762ca5de2c\" class=\"grve-hover-item grve-isotope-item post-1319 portfolio type-portfolio status-publish has-post-thumbnail hentry portfolio_category-sachsen portfolio_field-just-a-test portfolio_category_sachsen\">\r\n\t<a href=\"https:\/\/www.100dominas.de\/dominas\/portfolio\/domina-eva-moe-leipzig\/\">\r\n\t\t<img decoding=\"async\" width=\"430\" height=\"430\" src=\"https:\/\/www.100dominas.de\/dominas\/wp-content\/uploads\/2023\/03\/IMG_2469-1-768x1152-1-430x430.jpg\" class=\"attachment-grve-image-medium-rect size-grve-image-medium-rect\" alt=\"Domina Eva Moe\" srcset=\"https:\/\/www.100dominas.de\/dominas\/wp-content\/uploads\/2023\/03\/IMG_2469-1-768x1152-1-430x430.jpg 430w, https:\/\/www.100dominas.de\/dominas\/wp-content\/uploads\/2023\/03\/IMG_2469-1-768x1152-1-80x80.jpg 80w, https:\/\/www.100dominas.de\/dominas\/wp-content\/uploads\/2023\/03\/IMG_2469-1-768x1152-1-560x560.jpg 560w\" sizes=\"(max-width: 430px) 100vw, 430px\" \/>\t\t<div class=\"grve-hover-content\">\r\n\t\t\t<div class=\"grve-hover-title\">Domina Eva Moe<\/div>\r\n\t\t\t<div class=\"grve-hover-subtitle\">DOMINA IN LEIPZIG<\/div>\r\n\t\t<\/div>\r\n\t<\/a>\r\n<\/div>\r\n<div id=\"portfolio-1331-69d762ca5e27e\" class=\"grve-hover-item grve-isotope-item post-1331 portfolio type-portfolio status-publish has-post-thumbnail hentry portfolio_category-sachsen portfolio_field-just-a-test portfolio_category_sachsen\">\r\n\t<a href=\"https:\/\/www.100dominas.de\/dominas\/portfolio\/domina-lady-syonera-dresden\/\">\r\n\t\t<img decoding=\"async\" width=\"370\" height=\"430\" src=\"https:\/\/www.100dominas.de\/dominas\/wp-content\/uploads\/2023\/03\/2d_kl.02135bc2bb60d0618884bfc81fbef047-370x430.jpg\" class=\"attachment-grve-image-medium-rect size-grve-image-medium-rect\" alt=\"Domina Lady Syonera\" \/>\t\t<div class=\"grve-hover-content\">\r\n\t\t\t<div class=\"grve-hover-title\">Domina Lady Syonera<\/div>\r\n\t\t\t<div class=\"grve-hover-subtitle\">DOMINA IN DREDEN<\/div>\r\n\t\t<\/div>\r\n\t<\/a>\r\n<\/div>\r\n<div id=\"portfolio-1328-69d762ca5e63c\" class=\"grve-hover-item grve-isotope-item post-1328 portfolio type-portfolio status-publish has-post-thumbnail hentry portfolio_category-sachsen portfolio_field-just-a-test portfolio_category_sachsen\">\r\n\t<a href=\"https:\/\/www.100dominas.de\/dominas\/portfolio\/domina-lady-donatella-leipzig\/\">\r\n\t\t<img decoding=\"async\" width=\"300\" height=\"430\" src=\"https:\/\/www.100dominas.de\/dominas\/wp-content\/uploads\/2023\/03\/06_dsc_3622web.010b1a2e5ab4bd5b7a8929768dd3ffd5-300x430.jpg\" class=\"attachment-grve-image-medium-rect size-grve-image-medium-rect\" alt=\"Domina Lady Donatella\" \/>\t\t<div class=\"grve-hover-content\">\r\n\t\t\t<div class=\"grve-hover-title\">Domina Lady Donatella<\/div>\r\n\t\t\t<div class=\"grve-hover-subtitle\">DOMINA IN LEIPZIG<\/div>\r\n\t\t<\/div>\r\n\t<\/a>\r\n<\/div>\r\n<div id=\"portfolio-1322-69d762ca5ea0c\" class=\"grve-hover-item grve-isotope-item post-1322 portfolio type-portfolio status-publish has-post-thumbnail hentry portfolio_category-sachsen portfolio_field-just-a-test portfolio_category_sachsen\">\r\n\t<a href=\"https:\/\/www.100dominas.de\/dominas\/portfolio\/domina-madame-gillette-leipzig\/\">\r\n\t\t<img decoding=\"async\" width=\"296\" height=\"430\" src=\"https:\/\/www.100dominas.de\/dominas\/wp-content\/uploads\/2023\/03\/g3.55702ecd18cc2b4071d10799fbc0ce7c-296x430.jpg\" class=\"attachment-grve-image-medium-rect size-grve-image-medium-rect\" alt=\"Domina Madame Gillette\" \/>\t\t<div class=\"grve-hover-content\">\r\n\t\t\t<div class=\"grve-hover-title\">Domina Madame Gillette<\/div>\r\n\t\t\t<div class=\"grve-hover-subtitle\">DOMINA IN LEIPZIG<\/div>\r\n\t\t<\/div>\r\n\t<\/a>\r\n<\/div>\r\n<div id=\"portfolio-1313-69d762ca5edb7\" class=\"grve-hover-item grve-isotope-item post-1313 portfolio type-portfolio status-publish has-post-thumbnail hentry portfolio_category-sachsen portfolio_field-just-a-test portfolio_category_sachsen\">\r\n\t<a href=\"https:\/\/www.100dominas.de\/dominas\/portfolio\/domina-lady-violet-leipzig\/\">\r\n\t\t<img decoding=\"async\" width=\"300\" height=\"430\" src=\"https:\/\/www.100dominas.de\/dominas\/wp-content\/uploads\/2023\/03\/dsc_3534.de854bb14e61b03c54f72952ac524938-300x430.jpg\" class=\"attachment-grve-image-medium-rect size-grve-image-medium-rect\" alt=\"Domina Lady Violet\" \/>\t\t<div class=\"grve-hover-content\">\r\n\t\t\t<div class=\"grve-hover-title\">Domina Lady Violet<\/div>\r\n\t\t\t<div class=\"grve-hover-subtitle\">DOMINA IN LEIPZIG<\/div>\r\n\t\t<\/div>\r\n\t<\/a>\r\n<\/div>\r\n<div id=\"portfolio-1310-69d762ca5f179\" class=\"grve-hover-item grve-isotope-item post-1310 portfolio type-portfolio status-publish has-post-thumbnail hentry portfolio_category-sachsen portfolio_field-just-a-test portfolio_category_sachsen\">\r\n\t<a href=\"https:\/\/www.100dominas.de\/dominas\/portfolio\/domina-lady-ginger-leipzig\/\">\r\n\t\t<img decoding=\"async\" width=\"300\" height=\"430\" src=\"https:\/\/www.100dominas.de\/dominas\/wp-content\/uploads\/2023\/03\/dsc2375.a2118bf8ddba1b534b5ecafe9a70f1fc-300x430.jpg\" class=\"attachment-grve-image-medium-rect size-grve-image-medium-rect\" alt=\"Domina Lady Ginger\" \/>\t\t<div class=\"grve-hover-content\">\r\n\t\t\t<div class=\"grve-hover-title\">Domina Lady Ginger<\/div>\r\n\t\t\t<div class=\"grve-hover-subtitle\">DOMINA IN LEIPZIG<\/div>\r\n\t\t<\/div>\r\n\t<\/a>\r\n<\/div>\r\n<div id=\"portfolio-1316-69d762ca5f531\" class=\"grve-hover-item grve-isotope-item post-1316 portfolio type-portfolio status-publish has-post-thumbnail hentry portfolio_category-sachsen portfolio_field-just-a-test portfolio_category_sachsen\">\r\n\t<a href=\"https:\/\/www.100dominas.de\/dominas\/portfolio\/domina-lady-cora-champaign-leipzig\/\">\r\n\t\t<img decoding=\"async\" width=\"300\" height=\"430\" src=\"https:\/\/www.100dominas.de\/dominas\/wp-content\/uploads\/2023\/03\/1.9498cee9debc3a63aa3b9aad517ebd42-300x430.jpg\" class=\"attachment-grve-image-medium-rect size-grve-image-medium-rect\" alt=\"Domina Lady Cora Champaign\" \/>\t\t<div class=\"grve-hover-content\">\r\n\t\t\t<div class=\"grve-hover-title\">Domina Lady Cora Champaign<\/div>\r\n\t\t\t<div class=\"grve-hover-subtitle\">DOMINA IN LEIPZIG<\/div>\r\n\t\t<\/div>\r\n\t<\/a>\r\n<\/div>\r\n<div id=\"portfolio-1325-69d762ca5f924\" class=\"grve-hover-item grve-isotope-item post-1325 portfolio type-portfolio status-publish has-post-thumbnail hentry portfolio_category-sachsen portfolio_field-just-a-test portfolio_category_sachsen\">\r\n\t<a href=\"https:\/\/www.100dominas.de\/dominas\/portfolio\/domina-lady-ashley-leipzig\/\">\r\n\t\t<img decoding=\"async\" width=\"430\" height=\"430\" src=\"https:\/\/www.100dominas.de\/dominas\/wp-content\/uploads\/2023\/03\/DSC4751-430x430.jpg\" class=\"attachment-grve-image-medium-rect size-grve-image-medium-rect\" alt=\"Domina Lady Ashley\" srcset=\"https:\/\/www.100dominas.de\/dominas\/wp-content\/uploads\/2023\/03\/DSC4751-430x430.jpg 430w, https:\/\/www.100dominas.de\/dominas\/wp-content\/uploads\/2023\/03\/DSC4751-80x80.jpg 80w, https:\/\/www.100dominas.de\/dominas\/wp-content\/uploads\/2023\/03\/DSC4751-560x560.jpg 560w\" sizes=\"(max-width: 430px) 100vw, 430px\" \/>\t\t<div class=\"grve-hover-content\">\r\n\t\t\t<div class=\"grve-hover-title\">Domina Lady Ashley<\/div>\r\n\t\t\t<div class=\"grve-hover-subtitle\">DOMINA IN LEIPZIG<\/div>\r\n\t\t<\/div>\r\n\t<\/a>\r\n<\/div>\t\t\t\t<\/div>\r\n\t\t\t<\/div>\r\n\r\n\t\t[\/vc_column][\/vc_row][vc_row opacity_overlay=&#8220;10&#8243; footer_feature=&#8220;yes&#8220; margin_bottom=&#8220;80&#8243;][vc_column tablet_width=&#8220;1&#8243;]  <hr class=\"grve-element grve-line-divider grve-fullwidth-element \" style=\"\">[vc_raw_html]JTNDcCUyMGFsaWduJTNEJTIyY2VudGVyJTIyJTNFJTNDJTIxLS0lMjBFcm8lMjBNYXN0ZXIlMjBBc3luY2hyb25vdXMlMjBKUyUyMFRhZyUyMC0lMjBHZW5lcmF0ZWQlMjB3aXRoJTIwUmV2aXZlJTIwQWRzZXJ2ZXIlMjB2NC4xLjQlMjAtLSUzRSUwQSUzQ2lucyUyMGRhdGEtcmV2aXZlLXpvbmVpZCUzRCUyMjUlMjIlMjBkYXRhLXJldml2ZS1ibG9jayUzRCUyMjElMjIlMjBkYXRhLXJldml2ZS1pZCUzRCUyMjhjODUxNGY4M2JjMjRhYzE4NWU0MjkxYmY4ZDgxYzFlJTIyJTNFJTNDJTJGaW5zJTNFJTBBJTNDc2NyaXB0JTIwYXN5bmMlMjBzcmMlM0QlMjIlMkYlMkZhZHMuZXJvLW1hc3Rlci5kZSUyRm1hcnMlMkZ3d3clMkZkZWxpdmVyeSUyRmFzeW5janMucGhwJTIyJTNFJTNDJTJGc2NyaXB0JTNFJTNDJTJGcCUzRQ==[\/vc_raw_html][vc_column_text]<\/p>\n<h2 style=\"text-align: center;\">DEIN VORSCHLAG F\u00dcR DIE TOP100 DOMINAS<\/h2>\n<p style=\"text-align: center;\">Du hast eine Domina gefunden, die Deiner Meinung nach in diese top100 geh\u00f6rt? Gerne kannst du Sie f\u00fcr diese Webseite vorschlagen.<br \/>\nEin Einsendeformular f\u00fcr Deinen Vorschlag findest Du\u00a0<strong><a title=\"Domina Vorschlag\" href=\"https:\/\/www.100dominas.de\/dominas\/domina-eintragen\/\">hier<\/a><\/strong>.<\/p>\n<p>[\/vc_column_text][vc_raw_html]JTNDcCUyMGFsaWduJTNEJTIyY2VudGVyJTIyJTNFJTNDJTIxLS0lMjBFcm8lMjBNYXN0ZXIlMjBBc3luY2hyb25vdXMlMjBKUyUyMFRhZyUyMC0lMjBHZW5lcmF0ZWQlMjB3aXRoJTIwUmV2aXZlJTIwQWRzZXJ2ZXIlMjB2NC4xLjQlMjAtLSUzRSUwQSUzQ2lucyUyMGRhdGEtcmV2aXZlLXpvbmVpZCUzRCUyMjUlMjIlMjBkYXRhLXJldml2ZS1ibG9jayUzRCUyMjElMjIlMjBkYXRhLXJldml2ZS1pZCUzRCUyMjhjODUxNGY4M2JjMjRhYzE4NWU0MjkxYmY4ZDgxYzFlJTIyJTNFJTNDJTJGaW5zJTNFJTBBJTNDc2NyaXB0JTIwYXN5bmMlMjBzcmMlM0QlMjIlMkYlMkZhZHMuZXJvLW1hc3Rlci5kZSUyRm1hcnMlMkZ3d3clMkZkZWxpdmVyeSUyRmFzeW5janMucGhwJTIyJTNFJTNDJTJGc2NyaXB0JTNFJTNDJTJGcCUzRQ==[\/vc_raw_html][\/vc_column][\/vc_row]<\/p>\n<\/div>","protected":false},"excerpt":{"rendered":"<p>[vc_row opacity_overlay=&#8220;10&#8243; margin_bottom=&#8220;60&#8243;][vc_column][\/vc_column][\/vc_row][vc_row opacity_overlay=&#8220;10&#8243; margin_bottom=&#8220;60&#8243;][vc_column][\/vc_column][\/vc_row][vc_row opacity_overlay=&#8220;10&#8243; font_color=&#8220;#ffffff&#8220; padding_top=&#8220;60&#8243; padding_bottom=&#8220;60&#8243; bg_color=&#8220;#d05fff&#8220;][vc_column][\/vc_column][\/vc_row][vc_row opacity_overlay=&#8220;10&#8243; footer_feature=&#8220;yes&#8220; margin_bottom=&#8220;80&#8243;][vc_column tablet_width=&#8220;1&#8243;][vc_raw_html]JTNDcCUyMGFsaWduJTNEJTIyY2VudGVyJTIyJTNFJTNDJTIxLS0lMjBFcm8lMjBNYXN0ZXIlMjBBc3luY2hyb25vdXMlMjBKUyUyMFRhZyUyMC0lMjBHZW5lcmF0ZWQlMjB3aXRoJTIwUmV2aXZlJTIwQWRzZXJ2ZXIlMjB2NC4xLjQlMjAtLSUzRSUwQSUzQ2lucyUyMGRhdGEtcmV2aXZlLXpvbmVpZCUzRCUyMjUlMjIlMjBkYXRhLXJldml2ZS1ibG9jayUzRCUyMjElMjIlMjBkYXRhLXJldml2ZS1pZCUzRCUyMjhjODUxNGY4M2JjMjRhYzE4NWU0MjkxYmY4ZDgxYzFlJTIyJTNFJTNDJTJGaW5zJTNFJTBBJTNDc2NyaXB0JTIwYXN5bmMlMjBzcmMlM0QlMjIlMkYlMkZhZHMuZXJvLW1hc3Rlci5kZSUyRm1hcnMlMkZ3d3clMkZkZWxpdmVyeSUyRmFzeW5janMucGhwJTIyJTNFJTNDJTJGc2NyaXB0JTNFJTNDJTJGcCUzRQ==[\/vc_raw_html][vc_column_text] DEIN VORSCHLAG F\u00dcR DIE TOP100 DOMINAS Du hast eine Domina gefunden, die Deiner Meinung nach in diese top100 geh\u00f6rt? Gerne kannst du Sie f\u00fcr diese Webseite vorschlagen. Ein Einsendeformular f\u00fcr Deinen Vorschlag findest Du\u00a0hier. [\/vc_column_text][vc_raw_html]JTNDcCUyMGFsaWduJTNEJTIyY2VudGVyJTIyJTNFJTNDJTIxLS0lMjBFcm8lMjBNYXN0ZXIlMjBBc3luY2hyb25vdXMlMjBKUyUyMFRhZyUyMC0lMjBHZW5lcmF0ZWQlMjB3aXRoJTIwUmV2aXZlJTIwQWRzZXJ2ZXIlMjB2NC4xLjQlMjAtLSUzRSUwQSUzQ2lucyUyMGRhdGEtcmV2aXZlLXpvbmVpZCUzRCUyMjUlMjIlMjBkYXRhLXJldml2ZS1ibG9jayUzRCUyMjElMjIlMjBkYXRhLXJldml2ZS1pZCUzRCUyMjhjODUxNGY4M2JjMjRhYzE4NWU0MjkxYmY4ZDgxYzFlJTIyJTNFJTNDJTJGaW5zJTNFJTBBJTNDc2NyaXB0JTIwYXN5bmMlMjBzcmMlM0QlMjIlMkYlMkZhZHMuZXJvLW1hc3Rlci5kZSUyRm1hcnMlMkZ3d3clMkZkZWxpdmVyeSUyRmFzeW5janMucGhwJTIyJTNFJTNDJTJGc2NyaXB0JTNFJTNDJTJGcCUzRQ==[\/vc_raw_html][\/vc_column][\/vc_row]<\/p>\n","protected":false},"author":1,"featured_media":0,"parent":0,"menu_order":0,"comment_status":"closed","ping_status":"closed","template":"","meta":{"footnotes":""},"class_list":["post-1439","page","type-page","status-publish","hentry"],"yoast_head":"<!-- This site is optimized with the Yoast SEO plugin v27.3 - https:\/\/yoast.com\/product\/yoast-seo-wordpress\/ -->\n<title>Dominas in Sachsen - Dominas im Dominaf\u00fchrer Sachsen<\/title>\n<meta name=\"description\" content=\"Adressen und Bilder der Dominas im Bundesland Sachsen. Jetzt Deine Domina ausw\u00e4hlen und buchen. BDSM und FETISH Sachsen\" \/>\n<meta name=\"robots\" content=\"index, follow, max-snippet:-1, max-image-preview:large, max-video-preview:-1\" \/>\n<link rel=\"canonical\" href=\"https:\/\/www.100dominas.de\/dominas\/dominas-in-sachsen\/\" \/>\n<meta property=\"og:locale\" content=\"de_DE\" \/>\n<meta property=\"og:type\" content=\"article\" \/>\n<meta property=\"og:title\" content=\"Dominas in Sachsen - Dominas im Dominaf\u00fchrer Sachsen\" \/>\n<meta property=\"og:description\" content=\"Adressen und Bilder der Dominas im Bundesland Sachsen. Jetzt Deine Domina ausw\u00e4hlen und buchen. BDSM und FETISH Sachsen\" \/>\n<meta property=\"og:url\" content=\"https:\/\/www.100dominas.de\/dominas\/dominas-in-sachsen\/\" \/>\n<meta property=\"og:site_name\" content=\"Dominas\" \/>\n<meta property=\"article:modified_time\" content=\"2023-04-05T10:14:12+00:00\" \/>\n<meta property=\"og:image\" content=\"https:\/\/www.100dominas.de\/dominas\/wp-content\/uploads\/2023\/03\/logo_100dominas_s2x.png\" \/>\n\t<meta property=\"og:image:width\" content=\"357\" \/>\n\t<meta property=\"og:image:height\" content=\"168\" \/>\n\t<meta property=\"og:image:type\" content=\"image\/png\" \/>\n<meta name=\"twitter:card\" content=\"summary_large_image\" \/>\n<meta name=\"twitter:label1\" content=\"Gesch\u00e4tzte Lesezeit\" \/>\n\t<meta name=\"twitter:data1\" content=\"1\u00a0Minute\" \/>\n<script type=\"application\/ld+json\" class=\"yoast-schema-graph\">{\"@context\":\"https:\\\/\\\/schema.org\",\"@graph\":[{\"@type\":\"WebPage\",\"@id\":\"https:\\\/\\\/www.100dominas.de\\\/dominas\\\/dominas-in-sachsen\\\/\",\"url\":\"https:\\\/\\\/www.100dominas.de\\\/dominas\\\/dominas-in-sachsen\\\/\",\"name\":\"Dominas in Sachsen - Dominas im Dominaf\u00fchrer Sachsen\",\"isPartOf\":{\"@id\":\"https:\\\/\\\/www.100dominas.de\\\/dominas\\\/#website\"},\"datePublished\":\"2023-03-27T09:44:02+00:00\",\"dateModified\":\"2023-04-05T10:14:12+00:00\",\"description\":\"Adressen und Bilder der Dominas im Bundesland Sachsen. Jetzt Deine Domina ausw\u00e4hlen und buchen. BDSM und FETISH Sachsen\",\"breadcrumb\":{\"@id\":\"https:\\\/\\\/www.100dominas.de\\\/dominas\\\/dominas-in-sachsen\\\/#breadcrumb\"},\"inLanguage\":\"de\",\"potentialAction\":[{\"@type\":\"ReadAction\",\"target\":[\"https:\\\/\\\/www.100dominas.de\\\/dominas\\\/dominas-in-sachsen\\\/\"]}]},{\"@type\":\"BreadcrumbList\",\"@id\":\"https:\\\/\\\/www.100dominas.de\\\/dominas\\\/dominas-in-sachsen\\\/#breadcrumb\",\"itemListElement\":[{\"@type\":\"ListItem\",\"position\":1,\"name\":\"Startseite\",\"item\":\"https:\\\/\\\/www.100dominas.de\\\/dominas\\\/\"},{\"@type\":\"ListItem\",\"position\":2,\"name\":\"Dominas in Sachsen\"}]},{\"@type\":\"WebSite\",\"@id\":\"https:\\\/\\\/www.100dominas.de\\\/dominas\\\/#website\",\"url\":\"https:\\\/\\\/www.100dominas.de\\\/dominas\\\/\",\"name\":\"100 Dominas\",\"description\":\"Die besten Dominas Deutschland\",\"publisher\":{\"@id\":\"https:\\\/\\\/www.100dominas.de\\\/dominas\\\/#organization\"},\"alternateName\":\"Dominas\",\"potentialAction\":[{\"@type\":\"SearchAction\",\"target\":{\"@type\":\"EntryPoint\",\"urlTemplate\":\"https:\\\/\\\/www.100dominas.de\\\/dominas\\\/?s={search_term_string}\"},\"query-input\":{\"@type\":\"PropertyValueSpecification\",\"valueRequired\":true,\"valueName\":\"search_term_string\"}}],\"inLanguage\":\"de\"},{\"@type\":\"Organization\",\"@id\":\"https:\\\/\\\/www.100dominas.de\\\/dominas\\\/#organization\",\"name\":\"100 Dominas\",\"url\":\"https:\\\/\\\/www.100dominas.de\\\/dominas\\\/\",\"logo\":{\"@type\":\"ImageObject\",\"inLanguage\":\"de\",\"@id\":\"https:\\\/\\\/www.100dominas.de\\\/dominas\\\/#\\\/schema\\\/logo\\\/image\\\/\",\"url\":\"https:\\\/\\\/100dominas.de\\\/dominas\\\/wp-content\\\/uploads\\\/2023\\\/03\\\/logo_100dominas_01.png\",\"contentUrl\":\"https:\\\/\\\/100dominas.de\\\/dominas\\\/wp-content\\\/uploads\\\/2023\\\/03\\\/logo_100dominas_01.png\",\"width\":714,\"height\":336,\"caption\":\"100 Dominas\"},\"image\":{\"@id\":\"https:\\\/\\\/www.100dominas.de\\\/dominas\\\/#\\\/schema\\\/logo\\\/image\\\/\"}}]}<\/script>\n<!-- \/ Yoast SEO plugin. -->","yoast_head_json":{"title":"Dominas in Sachsen - Dominas im Dominaf\u00fchrer Sachsen","description":"Adressen und Bilder der Dominas im Bundesland Sachsen. Jetzt Deine Domina ausw\u00e4hlen und buchen. BDSM und FETISH Sachsen","robots":{"index":"index","follow":"follow","max-snippet":"max-snippet:-1","max-image-preview":"max-image-preview:large","max-video-preview":"max-video-preview:-1"},"canonical":"https:\/\/www.100dominas.de\/dominas\/dominas-in-sachsen\/","og_locale":"de_DE","og_type":"article","og_title":"Dominas in Sachsen - Dominas im Dominaf\u00fchrer Sachsen","og_description":"Adressen und Bilder der Dominas im Bundesland Sachsen. Jetzt Deine Domina ausw\u00e4hlen und buchen. BDSM und FETISH Sachsen","og_url":"https:\/\/www.100dominas.de\/dominas\/dominas-in-sachsen\/","og_site_name":"Dominas","article_modified_time":"2023-04-05T10:14:12+00:00","og_image":[{"width":357,"height":168,"url":"https:\/\/www.100dominas.de\/dominas\/wp-content\/uploads\/2023\/03\/logo_100dominas_s2x.png","type":"image\/png"}],"twitter_card":"summary_large_image","twitter_misc":{"Gesch\u00e4tzte Lesezeit":"1\u00a0Minute"},"schema":{"@context":"https:\/\/schema.org","@graph":[{"@type":"WebPage","@id":"https:\/\/www.100dominas.de\/dominas\/dominas-in-sachsen\/","url":"https:\/\/www.100dominas.de\/dominas\/dominas-in-sachsen\/","name":"Dominas in Sachsen - Dominas im Dominaf\u00fchrer Sachsen","isPartOf":{"@id":"https:\/\/www.100dominas.de\/dominas\/#website"},"datePublished":"2023-03-27T09:44:02+00:00","dateModified":"2023-04-05T10:14:12+00:00","description":"Adressen und Bilder der Dominas im Bundesland Sachsen. Jetzt Deine Domina ausw\u00e4hlen und buchen. BDSM und FETISH Sachsen","breadcrumb":{"@id":"https:\/\/www.100dominas.de\/dominas\/dominas-in-sachsen\/#breadcrumb"},"inLanguage":"de","potentialAction":[{"@type":"ReadAction","target":["https:\/\/www.100dominas.de\/dominas\/dominas-in-sachsen\/"]}]},{"@type":"BreadcrumbList","@id":"https:\/\/www.100dominas.de\/dominas\/dominas-in-sachsen\/#breadcrumb","itemListElement":[{"@type":"ListItem","position":1,"name":"Startseite","item":"https:\/\/www.100dominas.de\/dominas\/"},{"@type":"ListItem","position":2,"name":"Dominas in Sachsen"}]},{"@type":"WebSite","@id":"https:\/\/www.100dominas.de\/dominas\/#website","url":"https:\/\/www.100dominas.de\/dominas\/","name":"100 Dominas","description":"Die besten Dominas Deutschland","publisher":{"@id":"https:\/\/www.100dominas.de\/dominas\/#organization"},"alternateName":"Dominas","potentialAction":[{"@type":"SearchAction","target":{"@type":"EntryPoint","urlTemplate":"https:\/\/www.100dominas.de\/dominas\/?s={search_term_string}"},"query-input":{"@type":"PropertyValueSpecification","valueRequired":true,"valueName":"search_term_string"}}],"inLanguage":"de"},{"@type":"Organization","@id":"https:\/\/www.100dominas.de\/dominas\/#organization","name":"100 Dominas","url":"https:\/\/www.100dominas.de\/dominas\/","logo":{"@type":"ImageObject","inLanguage":"de","@id":"https:\/\/www.100dominas.de\/dominas\/#\/schema\/logo\/image\/","url":"https:\/\/100dominas.de\/dominas\/wp-content\/uploads\/2023\/03\/logo_100dominas_01.png","contentUrl":"https:\/\/100dominas.de\/dominas\/wp-content\/uploads\/2023\/03\/logo_100dominas_01.png","width":714,"height":336,"caption":"100 Dominas"},"image":{"@id":"https:\/\/www.100dominas.de\/dominas\/#\/schema\/logo\/image\/"}}]}},"_links":{"self":[{"href":"https:\/\/www.100dominas.de\/dominas\/wp-json\/wp\/v2\/pages\/1439","targetHints":{"allow":["GET"]}}],"collection":[{"href":"https:\/\/www.100dominas.de\/dominas\/wp-json\/wp\/v2\/pages"}],"about":[{"href":"https:\/\/www.100dominas.de\/dominas\/wp-json\/wp\/v2\/types\/page"}],"author":[{"embeddable":true,"href":"https:\/\/www.100dominas.de\/dominas\/wp-json\/wp\/v2\/users\/1"}],"replies":[{"embeddable":true,"href":"https:\/\/www.100dominas.de\/dominas\/wp-json\/wp\/v2\/comments?post=1439"}],"version-history":[{"count":2,"href":"https:\/\/www.100dominas.de\/dominas\/wp-json\/wp\/v2\/pages\/1439\/revisions"}],"predecessor-version":[{"id":1780,"href":"https:\/\/www.100dominas.de\/dominas\/wp-json\/wp\/v2\/pages\/1439\/revisions\/1780"}],"wp:attachment":[{"href":"https:\/\/www.100dominas.de\/dominas\/wp-json\/wp\/v2\/media?parent=1439"}],"curies":[{"name":"wp","href":"https:\/\/api.w.org\/{rel}","templated":true}]}}