{"id":146,"date":"2014-03-12T21:04:14","date_gmt":"2014-03-12T21:04:14","guid":{"rendered":"http:\/\/greatives.eu\/dummies\/reload\/?page_id=146"},"modified":"2023-03-14T08:56:38","modified_gmt":"2023-03-14T08:56:38","slug":"domina-news","status":"publish","type":"page","link":"https:\/\/www.100dominas.de\/dominas\/domina-news\/","title":{"rendered":"Domina News"},"content":{"rendered":"<div class=\"wpb-content-wrapper\"><p>[vc_row][vc_column]\t\t<div class=\"grve-element grve-blog \" style=\"\">\r\n\t\t\t<div class=\"grve-isotope-container\" data-columns=\"2\" data-layout=\"fitRows\">\r\n\t\t\t<article id=\"post-158152\" class=\"grve-isotope-item post-158152 post type-post status-publish format-standard has-post-thumbnail hentry category-dominas\">\r\n\t\t\t\t\t\t<div class=\"grve-media\">\r\n\t\t\t<a href=\"https:\/\/www.100dominas.de\/dominas\/domina-in-koeln-duesseldorf\/\"><img decoding=\"async\" width=\"570\" height=\"320\" src=\"https:\/\/www.100dominas.de\/dominas\/wp-content\/uploads\/2026\/05\/158152-domina-in-koeln-duesseldorf-570x320.jpeg\" class=\"attachment-grve-image-blog-small size-grve-image-blog-small wp-post-image\" alt=\"domina-in-koeln-\u2013-duesseldorf\" srcset=\"https:\/\/www.100dominas.de\/dominas\/wp-content\/uploads\/2026\/05\/158152-domina-in-koeln-duesseldorf-570x320.jpeg 570w, https:\/\/www.100dominas.de\/dominas\/wp-content\/uploads\/2026\/05\/158152-domina-in-koeln-duesseldorf-1170x658.jpeg 1170w\" sizes=\"(max-width: 570px) 100vw, 570px\" \/><\/a>\r\n\t\t<\/div>\r\n\t\t\t\t<div class=\"grve-post-content\">\r\n\r\n\t\t\t\t\t\t\t\t\t\t<a href=\"https:\/\/www.100dominas.de\/dominas\/domina-in-koeln-duesseldorf\/\" rel=\"bookmark\"><h5 class=\"grve-post-title\">Domina in K\u00f6ln \u2013 Duesseldorf<\/h5><\/a>\r\n\t\t\t\t\t<div class=\"grve-post-meta\">\r\n\t\t\t\t\t\t\t<span class=\"grve-post-date\">\r\n\t\tMai 8, 2026\t<\/span>\r\n\t\t\t\t\t\t\t<span class=\"grve-post-comments\">\r\n\t\t<a href=\"https:\/\/www.100dominas.de\/dominas\/domina-in-koeln-duesseldorf\/#commentform\">no comments<\/a>\r\n\t<\/span>\r\n\t\t\t\t\t\t\t\t<span class=\"grve-post-categories\">\r\n\t\t\tin <a href=\"https:\/\/www.100dominas.de\/dominas\/category\/dominas\/\" rel=\"category tag\">Dominas<\/a>\t\t<\/span>\r\n\t\t\t\t\t\t\t\t\t\t\t<\/div>\r\n\r\n\t\t\t\t\t<p>Domina Sasha jetzt auch in D\u00fcsseldorf besuchbar Aus einer wachsenden Neugier wurde eine dunkle Bestimmung,&hellip;<\/p>\r\n\t\t\t\t<\/div>\r\n\t\t\t<\/article>\r\n\r\n\t\t\t<article id=\"post-157472\" class=\"grve-isotope-item post-157472 post type-post status-publish format-standard has-post-thumbnail hentry category-dominas\">\r\n\t\t\t\t\t\t<div class=\"grve-media\">\r\n\t\t\t<a href=\"https:\/\/www.100dominas.de\/dominas\/bizarrlady-mistress-sinister-domina-klinikerotik-2\/\"><img decoding=\"async\" width=\"570\" height=\"320\" src=\"https:\/\/www.100dominas.de\/dominas\/wp-content\/uploads\/2026\/05\/157472-bizarrlady-mistress-sinister-domina-klinikerotik-570x320.jpg\" class=\"attachment-grve-image-blog-small size-grve-image-blog-small wp-post-image\" alt=\"bizarrlady-mistress-sinister-\u2013-domina-&#038;-klinikerotik\" srcset=\"https:\/\/www.100dominas.de\/dominas\/wp-content\/uploads\/2026\/05\/157472-bizarrlady-mistress-sinister-domina-klinikerotik-570x320.jpg 570w, https:\/\/www.100dominas.de\/dominas\/wp-content\/uploads\/2026\/05\/157472-bizarrlady-mistress-sinister-domina-klinikerotik-1170x658.jpg 1170w\" sizes=\"(max-width: 570px) 100vw, 570px\" \/><\/a>\r\n\t\t<\/div>\r\n\t\t\t\t<div class=\"grve-post-content\">\r\n\r\n\t\t\t\t\t\t\t\t\t\t<a href=\"https:\/\/www.100dominas.de\/dominas\/bizarrlady-mistress-sinister-domina-klinikerotik-2\/\" rel=\"bookmark\"><h5 class=\"grve-post-title\">BIZARRLADY MISTRESS SINISTER \u2013 DOMINA &#038; KLINIKEROTIK<\/h5><\/a>\r\n\t\t\t\t\t<div class=\"grve-post-meta\">\r\n\t\t\t\t\t\t\t<span class=\"grve-post-date\">\r\n\t\tMai 5, 2026\t<\/span>\r\n\t\t\t\t\t\t\t<span class=\"grve-post-comments\">\r\n\t\t<a href=\"https:\/\/www.100dominas.de\/dominas\/bizarrlady-mistress-sinister-domina-klinikerotik-2\/#commentform\">no comments<\/a>\r\n\t<\/span>\r\n\t\t\t\t\t\t\t\t<span class=\"grve-post-categories\">\r\n\t\t\tin <a href=\"https:\/\/www.100dominas.de\/dominas\/category\/dominas\/\" rel=\"category tag\">Dominas<\/a>\t\t<\/span>\r\n\t\t\t\t\t\t\t\t\t\t\t<\/div>\r\n\r\n\t\t\t\t\t<p>BIZARRLADY MISTRESS SINISTER \u2013 D\u00dcSSELDORF UND OLDENBURG Mistress Sinister, eine erfahrene Bizarrlady und Klinikerin, bekannt&hellip;<\/p>\r\n\t\t\t\t<\/div>\r\n\t\t\t<\/article>\r\n\r\n\t\t\t<article id=\"post-157475\" class=\"grve-isotope-item post-157475 post type-post status-publish format-standard has-post-thumbnail hentry category-dominas\">\r\n\t\t\t\t\t\t<div class=\"grve-media\">\r\n\t\t\t<a href=\"https:\/\/www.100dominas.de\/dominas\/bizarrlady-maya-de-sade-2\/\"><img decoding=\"async\" width=\"570\" height=\"320\" src=\"https:\/\/www.100dominas.de\/dominas\/wp-content\/uploads\/2026\/05\/157475-bizarrlady-maya-de-sade-570x320.jpeg\" class=\"attachment-grve-image-blog-small size-grve-image-blog-small wp-post-image\" alt=\"bizarrlady-maya-de-sade\" srcset=\"https:\/\/www.100dominas.de\/dominas\/wp-content\/uploads\/2026\/05\/157475-bizarrlady-maya-de-sade-570x320.jpeg 570w, https:\/\/www.100dominas.de\/dominas\/wp-content\/uploads\/2026\/05\/157475-bizarrlady-maya-de-sade-1170x658.jpeg 1170w\" sizes=\"(max-width: 570px) 100vw, 570px\" \/><\/a>\r\n\t\t<\/div>\r\n\t\t\t\t<div class=\"grve-post-content\">\r\n\r\n\t\t\t\t\t\t\t\t\t\t<a href=\"https:\/\/www.100dominas.de\/dominas\/bizarrlady-maya-de-sade-2\/\" rel=\"bookmark\"><h5 class=\"grve-post-title\">Bizarrlady Maya de Sade<\/h5><\/a>\r\n\t\t\t\t\t<div class=\"grve-post-meta\">\r\n\t\t\t\t\t\t\t<span class=\"grve-post-date\">\r\n\t\tMai 5, 2026\t<\/span>\r\n\t\t\t\t\t\t\t<span class=\"grve-post-comments\">\r\n\t\t<a href=\"https:\/\/www.100dominas.de\/dominas\/bizarrlady-maya-de-sade-2\/#commentform\">no comments<\/a>\r\n\t<\/span>\r\n\t\t\t\t\t\t\t\t<span class=\"grve-post-categories\">\r\n\t\t\tin <a href=\"https:\/\/www.100dominas.de\/dominas\/category\/dominas\/\" rel=\"category tag\">Dominas<\/a>\t\t<\/span>\r\n\t\t\t\t\t\t\t\t\t\t\t<\/div>\r\n\r\n\t\t\t\t\t<p>Bizarrlady Maya de Sade Bizarrlady Maya de Sade sucht Sklaven und Fetischisten in D\u00fcsseldorf. Hier&hellip;<\/p>\r\n\t\t\t\t<\/div>\r\n\t\t\t<\/article>\r\n\r\n\t\t\t<article id=\"post-151867\" class=\"grve-isotope-item post-151867 post type-post status-publish format-standard has-post-thumbnail hentry category-dominas\">\r\n\t\t\t\t\t\t<div class=\"grve-media\">\r\n\t\t\t<a href=\"https:\/\/www.100dominas.de\/dominas\/domina-lady-cynthia\/\"><img decoding=\"async\" width=\"570\" height=\"320\" src=\"https:\/\/www.100dominas.de\/dominas\/wp-content\/uploads\/2026\/05\/151867-domina-lady-cynthia-570x320.jpg\" class=\"attachment-grve-image-blog-small size-grve-image-blog-small wp-post-image\" alt=\"domina-lady-cynthia\" \/><\/a>\r\n\t\t<\/div>\r\n\t\t\t\t<div class=\"grve-post-content\">\r\n\r\n\t\t\t\t\t\t\t\t\t\t<a href=\"https:\/\/www.100dominas.de\/dominas\/domina-lady-cynthia\/\" rel=\"bookmark\"><h5 class=\"grve-post-title\">Domina Lady Cynthia<\/h5><\/a>\r\n\t\t\t\t\t<div class=\"grve-post-meta\">\r\n\t\t\t\t\t\t\t<span class=\"grve-post-date\">\r\n\t\tApril 3, 2026\t<\/span>\r\n\t\t\t\t\t\t\t<span class=\"grve-post-comments\">\r\n\t\t<a href=\"https:\/\/www.100dominas.de\/dominas\/domina-lady-cynthia\/#commentform\">no comments<\/a>\r\n\t<\/span>\r\n\t\t\t\t\t\t\t\t<span class=\"grve-post-categories\">\r\n\t\t\tin <a href=\"https:\/\/www.100dominas.de\/dominas\/category\/dominas\/\" rel=\"category tag\">Dominas<\/a>\t\t<\/span>\r\n\t\t\t\t\t\t\t\t\t\t\t<\/div>\r\n\r\n\t\t\t\t\t<p>Domina Lady Cynthia mit neuen Dominastudio Terminen Berlin: Fetisch Institut Dudenstr. 22 10965 Berlin 30.03.&hellip;<\/p>\r\n\t\t\t\t<\/div>\r\n\t\t\t<\/article>\r\n\r\n\t\t\t<article id=\"post-151741\" class=\"grve-isotope-item post-151741 post type-post status-publish format-standard has-post-thumbnail hentry category-dominas\">\r\n\t\t\t\t\t\t<div class=\"grve-media\">\r\n\t\t\t<a href=\"https:\/\/www.100dominas.de\/dominas\/domina-in-frankfurt-madame-obey-odette\/\"><img decoding=\"async\" width=\"570\" height=\"320\" src=\"https:\/\/www.100dominas.de\/dominas\/wp-content\/uploads\/2026\/05\/151741-domina-in-frankfurt-madame-obey-odette-570x320.jpeg\" class=\"attachment-grve-image-blog-small size-grve-image-blog-small wp-post-image\" alt=\"domina-in-frankfurt-madame-obey-odette\" \/><\/a>\r\n\t\t<\/div>\r\n\t\t\t\t<div class=\"grve-post-content\">\r\n\r\n\t\t\t\t\t\t\t\t\t\t<a href=\"https:\/\/www.100dominas.de\/dominas\/domina-in-frankfurt-madame-obey-odette\/\" rel=\"bookmark\"><h5 class=\"grve-post-title\">Domina in Frankfurt Madame Obey Odette<\/h5><\/a>\r\n\t\t\t\t\t<div class=\"grve-post-meta\">\r\n\t\t\t\t\t\t\t<span class=\"grve-post-date\">\r\n\t\tApril 3, 2026\t<\/span>\r\n\t\t\t\t\t\t\t<span class=\"grve-post-comments\">\r\n\t\t<a href=\"https:\/\/www.100dominas.de\/dominas\/domina-in-frankfurt-madame-obey-odette\/#commentform\">no comments<\/a>\r\n\t<\/span>\r\n\t\t\t\t\t\t\t\t<span class=\"grve-post-categories\">\r\n\t\t\tin <a href=\"https:\/\/www.100dominas.de\/dominas\/category\/dominas\/\" rel=\"category tag\">Dominas<\/a>\t\t<\/span>\r\n\t\t\t\t\t\t\t\t\t\t\t<\/div>\r\n\r\n\t\t\t\t\t<p>Domina Frankfurt F\u00fcr Sklaven im Raum Frankfurt am Main in Hessen: Domina Odette hat noch&hellip;<\/p>\r\n\t\t\t\t<\/div>\r\n\t\t\t<\/article>\r\n\r\n\t\t\t<article id=\"post-151521\" class=\"grve-isotope-item post-151521 post type-post status-publish format-standard has-post-thumbnail hentry category-dominas\">\r\n\t\t\t\t\t\t<div class=\"grve-media\">\r\n\t\t\t<a href=\"https:\/\/www.100dominas.de\/dominas\/herrin-xena\/\"><img decoding=\"async\" width=\"570\" height=\"320\" src=\"https:\/\/www.100dominas.de\/dominas\/wp-content\/uploads\/2026\/05\/151521-herrin-xena-570x320.jpg\" class=\"attachment-grve-image-blog-small size-grve-image-blog-small wp-post-image\" alt=\"herrin-xena\" \/><\/a>\r\n\t\t<\/div>\r\n\t\t\t\t<div class=\"grve-post-content\">\r\n\r\n\t\t\t\t\t\t\t\t\t\t<a href=\"https:\/\/www.100dominas.de\/dominas\/herrin-xena\/\" rel=\"bookmark\"><h5 class=\"grve-post-title\">Herrin Xena<\/h5><\/a>\r\n\t\t\t\t\t<div class=\"grve-post-meta\">\r\n\t\t\t\t\t\t\t<span class=\"grve-post-date\">\r\n\t\tApril 2, 2026\t<\/span>\r\n\t\t\t\t\t\t\t<span class=\"grve-post-comments\">\r\n\t\t<a href=\"https:\/\/www.100dominas.de\/dominas\/herrin-xena\/#commentform\">no comments<\/a>\r\n\t<\/span>\r\n\t\t\t\t\t\t\t\t<span class=\"grve-post-categories\">\r\n\t\t\tin <a href=\"https:\/\/www.100dominas.de\/dominas\/category\/dominas\/\" rel=\"category tag\">Dominas<\/a>\t\t<\/span>\r\n\t\t\t\t\t\t\t\t\t\t\t<\/div>\r\n\r\n\t\t\t\t\t<p>Domina Herrin Xena mit neuen Terminen: Sadomaso Herrin Xena ist an den folgenden Terminen in&hellip;<\/p>\r\n\t\t\t\t<\/div>\r\n\t\t\t<\/article>\r\n\r\n\t\t\t<article id=\"post-151044\" class=\"grve-isotope-item post-151044 post type-post status-publish format-standard has-post-thumbnail hentry category-dominas\">\r\n\t\t\t\t\t\t<div class=\"grve-media\">\r\n\t\t\t<a href=\"https:\/\/www.100dominas.de\/dominas\/dominas-in-koeln-sasha\/\"><img decoding=\"async\" width=\"570\" height=\"320\" src=\"https:\/\/www.100dominas.de\/dominas\/wp-content\/uploads\/2026\/05\/151044-dominas-in-koeln-sasha-570x320.jpg\" class=\"attachment-grve-image-blog-small size-grve-image-blog-small wp-post-image\" alt=\"dominas-in-koeln-\u2013-sasha\" \/><\/a>\r\n\t\t<\/div>\r\n\t\t\t\t<div class=\"grve-post-content\">\r\n\r\n\t\t\t\t\t\t\t\t\t\t<a href=\"https:\/\/www.100dominas.de\/dominas\/dominas-in-koeln-sasha\/\" rel=\"bookmark\"><h5 class=\"grve-post-title\">Dominas in K\u00f6ln \u2013 Sasha<\/h5><\/a>\r\n\t\t\t\t\t<div class=\"grve-post-meta\">\r\n\t\t\t\t\t\t\t<span class=\"grve-post-date\">\r\n\t\tM\u00e4rz 30, 2026\t<\/span>\r\n\t\t\t\t\t\t\t<span class=\"grve-post-comments\">\r\n\t\t<a href=\"https:\/\/www.100dominas.de\/dominas\/dominas-in-koeln-sasha\/#commentform\">no comments<\/a>\r\n\t<\/span>\r\n\t\t\t\t\t\t\t\t<span class=\"grve-post-categories\">\r\n\t\t\tin <a href=\"https:\/\/www.100dominas.de\/dominas\/category\/dominas\/\" rel=\"category tag\">Dominas<\/a>\t\t<\/span>\r\n\t\t\t\t\t\t\t\t\t\t\t<\/div>\r\n\r\n\t\t\t\t\t<p>Domina Sasha in K\u00f6ln \u2013 Das Atelier Aus einer wachsenden Neugier wurde eine dunkle Bestimmung,&hellip;<\/p>\r\n\t\t\t\t<\/div>\r\n\t\t\t<\/article>\r\n\r\n\t\t\t<article id=\"post-149737\" class=\"grve-isotope-item post-149737 post type-post status-publish format-standard has-post-thumbnail hentry category-dominas\">\r\n\t\t\t\t\t\t<div class=\"grve-media\">\r\n\t\t\t<a href=\"https:\/\/www.100dominas.de\/dominas\/domina-in-roedermark-domina-lady-laura-erzieht-ihre-sklaven\/\"><img decoding=\"async\" width=\"570\" height=\"320\" src=\"https:\/\/www.100dominas.de\/dominas\/wp-content\/uploads\/2026\/05\/149737-domina-in-roedermark-domina-lady-laura-erzieht-ihre-sklaven-570x320.png\" class=\"attachment-grve-image-blog-small size-grve-image-blog-small wp-post-image\" alt=\"domina-in-roedermark-\u2013-domina-lady-laura-erzieht-ihre-sklaven\" \/><\/a>\r\n\t\t<\/div>\r\n\t\t\t\t<div class=\"grve-post-content\">\r\n\r\n\t\t\t\t\t\t\t\t\t\t<a href=\"https:\/\/www.100dominas.de\/dominas\/domina-in-roedermark-domina-lady-laura-erzieht-ihre-sklaven\/\" rel=\"bookmark\"><h5 class=\"grve-post-title\">Domina in R\u00f6dermark \u2013 Domina Lady Laura erzieht ihre Sklaven<\/h5><\/a>\r\n\t\t\t\t\t<div class=\"grve-post-meta\">\r\n\t\t\t\t\t\t\t<span class=\"grve-post-date\">\r\n\t\tM\u00e4rz 22, 2026\t<\/span>\r\n\t\t\t\t\t\t\t<span class=\"grve-post-comments\">\r\n\t\t<a href=\"https:\/\/www.100dominas.de\/dominas\/domina-in-roedermark-domina-lady-laura-erzieht-ihre-sklaven\/#commentform\">no comments<\/a>\r\n\t<\/span>\r\n\t\t\t\t\t\t\t\t<span class=\"grve-post-categories\">\r\n\t\t\tin <a href=\"https:\/\/www.100dominas.de\/dominas\/category\/dominas\/\" rel=\"category tag\">Dominas<\/a>\t\t<\/span>\r\n\t\t\t\t\t\t\t\t\t\t\t<\/div>\r\n\r\n\t\t\t\t\t<p>Domina Laura in R\u00f6dermark \u201eDomina Lady Laura\u201c Geheimnisvoll. Erfahren. Unwiderstehlich. Tritt ein in meine Welt&hellip;<\/p>\r\n\t\t\t\t<\/div>\r\n\t\t\t<\/article>\r\n\r\n\t\t\t<article id=\"post-149740\" class=\"grve-isotope-item post-149740 post type-post status-publish format-standard has-post-thumbnail hentry category-dominas\">\r\n\t\t\t\t\t\t<div class=\"grve-media\">\r\n\t\t\t<a href=\"https:\/\/www.100dominas.de\/dominas\/mistress-cay-in-leipzig\/\"><img decoding=\"async\" width=\"570\" height=\"320\" src=\"https:\/\/www.100dominas.de\/dominas\/wp-content\/uploads\/2026\/05\/149740-mistress-cay-in-leipzig-570x320.jpg\" class=\"attachment-grve-image-blog-small size-grve-image-blog-small wp-post-image\" alt=\"mistress-cay-in-leipzig\" \/><\/a>\r\n\t\t<\/div>\r\n\t\t\t\t<div class=\"grve-post-content\">\r\n\r\n\t\t\t\t\t\t\t\t\t\t<a href=\"https:\/\/www.100dominas.de\/dominas\/mistress-cay-in-leipzig\/\" rel=\"bookmark\"><h5 class=\"grve-post-title\">Mistress Cay in Leipzig<\/h5><\/a>\r\n\t\t\t\t\t<div class=\"grve-post-meta\">\r\n\t\t\t\t\t\t\t<span class=\"grve-post-date\">\r\n\t\tM\u00e4rz 22, 2026\t<\/span>\r\n\t\t\t\t\t\t\t<span class=\"grve-post-comments\">\r\n\t\t<a href=\"https:\/\/www.100dominas.de\/dominas\/mistress-cay-in-leipzig\/#commentform\">no comments<\/a>\r\n\t<\/span>\r\n\t\t\t\t\t\t\t\t<span class=\"grve-post-categories\">\r\n\t\t\tin <a href=\"https:\/\/www.100dominas.de\/dominas\/category\/dominas\/\" rel=\"category tag\">Dominas<\/a>\t\t<\/span>\r\n\t\t\t\t\t\t\t\t\t\t\t<\/div>\r\n\r\n\t\t\t\t\t<p>Neu im Dominastudio Black Fun in Leipzig erreichbar: Mistress Cay, eine junge Lady mit Ambitionen&hellip;<\/p>\r\n\t\t\t\t<\/div>\r\n\t\t\t<\/article>\r\n\r\n\t\t\t<article id=\"post-149110\" class=\"grve-isotope-item post-149110 post type-post status-publish format-standard has-post-thumbnail hentry category-dominas\">\r\n\t\t\t\t\t\t<div class=\"grve-media\">\r\n\t\t\t<a href=\"https:\/\/www.100dominas.de\/dominas\/domina-amy-roux-bdsm-duesseldorf\/\"><img decoding=\"async\" width=\"570\" height=\"320\" src=\"https:\/\/www.100dominas.de\/dominas\/wp-content\/uploads\/2026\/05\/149110-domina-amy-roux-bdsm-duesseldorf-570x320.png\" class=\"attachment-grve-image-blog-small size-grve-image-blog-small wp-post-image\" alt=\"domina-amy-roux-\u2013-bdsm-duesseldorf\" \/><\/a>\r\n\t\t<\/div>\r\n\t\t\t\t<div class=\"grve-post-content\">\r\n\r\n\t\t\t\t\t\t\t\t\t\t<a href=\"https:\/\/www.100dominas.de\/dominas\/domina-amy-roux-bdsm-duesseldorf\/\" rel=\"bookmark\"><h5 class=\"grve-post-title\">Domina Amy Roux \u2013 BDSM Duesseldorf<\/h5><\/a>\r\n\t\t\t\t\t<div class=\"grve-post-meta\">\r\n\t\t\t\t\t\t\t<span class=\"grve-post-date\">\r\n\t\tM\u00e4rz 17, 2026\t<\/span>\r\n\t\t\t\t\t\t\t<span class=\"grve-post-comments\">\r\n\t\t<a href=\"https:\/\/www.100dominas.de\/dominas\/domina-amy-roux-bdsm-duesseldorf\/#commentform\">no comments<\/a>\r\n\t<\/span>\r\n\t\t\t\t\t\t\t\t<span class=\"grve-post-categories\">\r\n\t\t\tin <a href=\"https:\/\/www.100dominas.de\/dominas\/category\/dominas\/\" rel=\"category tag\">Dominas<\/a>\t\t<\/span>\r\n\t\t\t\t\t\t\t\t\t\t\t<\/div>\r\n\r\n\t\t\t\t\t<p>Dominas im Domizil der Gr\u00e4fin Unter meiner F\u00fchrung erlebst Du die Realit\u00e4t Deiner Fantasie und&hellip;<\/p>\r\n\t\t\t\t<\/div>\r\n\t\t\t<\/article>\r\n\r\n\t\t\t<\/div>\r\n<div class=\"grve-pagination\"><ul class='page-numbers'>\n\t<li><span aria-current=\"page\" class=\"page-numbers current\">1<\/span><\/li>\n\t<li><a class=\"page-numbers\" href=\"https:\/\/www.100dominas.de\/dominas\/wp-json\/wp\/v2\/pages\/146\/page\/2\/\">2<\/a><\/li>\n\t<li><a class=\"page-numbers\" href=\"https:\/\/www.100dominas.de\/dominas\/wp-json\/wp\/v2\/pages\/146\/page\/3\/\">3<\/a><\/li>\n\t<li><span class=\"page-numbers dots\">&hellip;<\/span><\/li>\n\t<li><a class=\"page-numbers\" href=\"https:\/\/www.100dominas.de\/dominas\/wp-json\/wp\/v2\/pages\/146\/page\/30\/\">30<\/a><\/li>\n\t<li><a class=\"next page-numbers\" href=\"https:\/\/www.100dominas.de\/dominas\/wp-json\/wp\/v2\/pages\/146\/page\/2\/\"><i class=\"fa fa-angle-right\"><\/i><\/a><\/li>\n<\/ul>\n<\/div>\t\t<\/div>\r\n[\/vc_column][\/vc_row][vc_row opacity_overlay=&#8220;10&#8243; footer_feature=&#8220;yes&#8220; bg_color=&#8220;#24d1c4&#8243; font_color=&#8220;#ffffff&#8220; padding_top=&#8220;40&#8243; padding_bottom=&#8220;40&#8243;][vc_column]<div class=\"grve-element grve-callout grve-style-2\" style=\"\">  <div class=\"grve-callout-content\">    <span class=\"grve-callout-title\">How are we doing? We'd love your Feedback!<\/span><a class=\"grve-btn grve-btn-small grve-btn-line grve-btn-advanced\" href=\"#\" data-hover=\"RIGHT NOW\" target=\"_self\" style=\"\"><span>DROP US A LINE<\/span><\/a>  <\/div><\/div>[\/vc_column][\/vc_row]<\/p>\n<\/div>","protected":false},"excerpt":{"rendered":"<p>[vc_row][vc_column][\/vc_column][\/vc_row][vc_row opacity_overlay=&#8220;10&#8243; footer_feature=&#8220;yes&#8220; bg_color=&#8220;#24d1c4&#8243; font_color=&#8220;#ffffff&#8220; padding_top=&#8220;40&#8243; padding_bottom=&#8220;40&#8243;][vc_column][\/vc_column][\/vc_row]<\/p>\n","protected":false},"author":1,"featured_media":0,"parent":0,"menu_order":0,"comment_status":"open","ping_status":"closed","template":"","meta":{"footnotes":""},"class_list":["post-146","page","type-page","status-publish","hentry"],"yoast_head":"<!-- This site is optimized with the Yoast SEO plugin v27.6 - https:\/\/yoast.com\/product\/yoast-seo-wordpress\/ -->\n<title>Domina News - Dominas<\/title>\n<meta name=\"robots\" content=\"index, follow, max-snippet:-1, max-image-preview:large, max-video-preview:-1\" \/>\n<link rel=\"canonical\" href=\"https:\/\/www.100dominas.de\/dominas\/domina-news\/\" \/>\n<meta property=\"og:locale\" content=\"de_DE\" \/>\n<meta property=\"og:type\" content=\"article\" \/>\n<meta property=\"og:title\" content=\"Domina News - Dominas\" \/>\n<meta property=\"og:description\" content=\"[vc_row][vc_column][\/vc_column][\/vc_row][vc_row opacity_overlay=&#8220;10&#8243; footer_feature=&#8220;yes&#8220; bg_color=&#8220;#24d1c4&#8243; font_color=&#8220;#ffffff&#8220; padding_top=&#8220;40&#8243; padding_bottom=&#8220;40&#8243;][vc_column][\/vc_column][\/vc_row]\" \/>\n<meta property=\"og:url\" content=\"https:\/\/www.100dominas.de\/dominas\/domina-news\/\" \/>\n<meta property=\"og:site_name\" content=\"Dominas\" \/>\n<meta property=\"article:modified_time\" content=\"2023-03-14T08:56:38+00:00\" \/>\n<meta property=\"og:image\" content=\"https:\/\/www.100dominas.de\/dominas\/wp-content\/uploads\/2023\/03\/logo_100dominas_s2x.png\" \/>\n\t<meta property=\"og:image:width\" content=\"357\" \/>\n\t<meta property=\"og:image:height\" content=\"168\" \/>\n\t<meta property=\"og:image:type\" content=\"image\/png\" \/>\n<meta name=\"twitter:card\" content=\"summary_large_image\" \/>\n<meta name=\"twitter:label1\" content=\"Gesch\u00e4tzte Lesezeit\" \/>\n\t<meta name=\"twitter:data1\" content=\"1\u00a0Minute\" \/>\n<script type=\"application\/ld+json\" class=\"yoast-schema-graph\">{\"@context\":\"https:\\\/\\\/schema.org\",\"@graph\":[{\"@type\":\"WebPage\",\"@id\":\"https:\\\/\\\/www.100dominas.de\\\/dominas\\\/domina-news\\\/\",\"url\":\"https:\\\/\\\/www.100dominas.de\\\/dominas\\\/domina-news\\\/\",\"name\":\"Domina News - Dominas\",\"isPartOf\":{\"@id\":\"https:\\\/\\\/www.100dominas.de\\\/dominas\\\/#website\"},\"datePublished\":\"2014-03-12T21:04:14+00:00\",\"dateModified\":\"2023-03-14T08:56:38+00:00\",\"breadcrumb\":{\"@id\":\"https:\\\/\\\/www.100dominas.de\\\/dominas\\\/domina-news\\\/#breadcrumb\"},\"inLanguage\":\"de\",\"potentialAction\":[{\"@type\":\"ReadAction\",\"target\":[\"https:\\\/\\\/www.100dominas.de\\\/dominas\\\/domina-news\\\/\"]}]},{\"@type\":\"BreadcrumbList\",\"@id\":\"https:\\\/\\\/www.100dominas.de\\\/dominas\\\/domina-news\\\/#breadcrumb\",\"itemListElement\":[{\"@type\":\"ListItem\",\"position\":1,\"name\":\"Startseite\",\"item\":\"https:\\\/\\\/www.100dominas.de\\\/dominas\\\/\"},{\"@type\":\"ListItem\",\"position\":2,\"name\":\"Domina News\"}]},{\"@type\":\"WebSite\",\"@id\":\"https:\\\/\\\/www.100dominas.de\\\/dominas\\\/#website\",\"url\":\"https:\\\/\\\/www.100dominas.de\\\/dominas\\\/\",\"name\":\"100 Dominas\",\"description\":\"Die besten Dominas Deutschland\",\"publisher\":{\"@id\":\"https:\\\/\\\/www.100dominas.de\\\/dominas\\\/#organization\"},\"alternateName\":\"Dominas\",\"potentialAction\":[{\"@type\":\"SearchAction\",\"target\":{\"@type\":\"EntryPoint\",\"urlTemplate\":\"https:\\\/\\\/www.100dominas.de\\\/dominas\\\/?s={search_term_string}\"},\"query-input\":{\"@type\":\"PropertyValueSpecification\",\"valueRequired\":true,\"valueName\":\"search_term_string\"}}],\"inLanguage\":\"de\"},{\"@type\":\"Organization\",\"@id\":\"https:\\\/\\\/www.100dominas.de\\\/dominas\\\/#organization\",\"name\":\"100 Dominas\",\"url\":\"https:\\\/\\\/www.100dominas.de\\\/dominas\\\/\",\"logo\":{\"@type\":\"ImageObject\",\"inLanguage\":\"de\",\"@id\":\"https:\\\/\\\/www.100dominas.de\\\/dominas\\\/#\\\/schema\\\/logo\\\/image\\\/\",\"url\":\"https:\\\/\\\/100dominas.de\\\/dominas\\\/wp-content\\\/uploads\\\/2023\\\/03\\\/logo_100dominas_01.png\",\"contentUrl\":\"https:\\\/\\\/100dominas.de\\\/dominas\\\/wp-content\\\/uploads\\\/2023\\\/03\\\/logo_100dominas_01.png\",\"width\":714,\"height\":336,\"caption\":\"100 Dominas\"},\"image\":{\"@id\":\"https:\\\/\\\/www.100dominas.de\\\/dominas\\\/#\\\/schema\\\/logo\\\/image\\\/\"}}]}<\/script>\n<!-- \/ Yoast SEO plugin. -->","yoast_head_json":{"title":"Domina News - Dominas","robots":{"index":"index","follow":"follow","max-snippet":"max-snippet:-1","max-image-preview":"max-image-preview:large","max-video-preview":"max-video-preview:-1"},"canonical":"https:\/\/www.100dominas.de\/dominas\/domina-news\/","og_locale":"de_DE","og_type":"article","og_title":"Domina News - Dominas","og_description":"[vc_row][vc_column][\/vc_column][\/vc_row][vc_row opacity_overlay=&#8220;10&#8243; footer_feature=&#8220;yes&#8220; bg_color=&#8220;#24d1c4&#8243; font_color=&#8220;#ffffff&#8220; padding_top=&#8220;40&#8243; padding_bottom=&#8220;40&#8243;][vc_column][\/vc_column][\/vc_row]","og_url":"https:\/\/www.100dominas.de\/dominas\/domina-news\/","og_site_name":"Dominas","article_modified_time":"2023-03-14T08:56:38+00:00","og_image":[{"width":357,"height":168,"url":"https:\/\/www.100dominas.de\/dominas\/wp-content\/uploads\/2023\/03\/logo_100dominas_s2x.png","type":"image\/png"}],"twitter_card":"summary_large_image","twitter_misc":{"Gesch\u00e4tzte Lesezeit":"1\u00a0Minute"},"schema":{"@context":"https:\/\/schema.org","@graph":[{"@type":"WebPage","@id":"https:\/\/www.100dominas.de\/dominas\/domina-news\/","url":"https:\/\/www.100dominas.de\/dominas\/domina-news\/","name":"Domina News - Dominas","isPartOf":{"@id":"https:\/\/www.100dominas.de\/dominas\/#website"},"datePublished":"2014-03-12T21:04:14+00:00","dateModified":"2023-03-14T08:56:38+00:00","breadcrumb":{"@id":"https:\/\/www.100dominas.de\/dominas\/domina-news\/#breadcrumb"},"inLanguage":"de","potentialAction":[{"@type":"ReadAction","target":["https:\/\/www.100dominas.de\/dominas\/domina-news\/"]}]},{"@type":"BreadcrumbList","@id":"https:\/\/www.100dominas.de\/dominas\/domina-news\/#breadcrumb","itemListElement":[{"@type":"ListItem","position":1,"name":"Startseite","item":"https:\/\/www.100dominas.de\/dominas\/"},{"@type":"ListItem","position":2,"name":"Domina News"}]},{"@type":"WebSite","@id":"https:\/\/www.100dominas.de\/dominas\/#website","url":"https:\/\/www.100dominas.de\/dominas\/","name":"100 Dominas","description":"Die besten Dominas Deutschland","publisher":{"@id":"https:\/\/www.100dominas.de\/dominas\/#organization"},"alternateName":"Dominas","potentialAction":[{"@type":"SearchAction","target":{"@type":"EntryPoint","urlTemplate":"https:\/\/www.100dominas.de\/dominas\/?s={search_term_string}"},"query-input":{"@type":"PropertyValueSpecification","valueRequired":true,"valueName":"search_term_string"}}],"inLanguage":"de"},{"@type":"Organization","@id":"https:\/\/www.100dominas.de\/dominas\/#organization","name":"100 Dominas","url":"https:\/\/www.100dominas.de\/dominas\/","logo":{"@type":"ImageObject","inLanguage":"de","@id":"https:\/\/www.100dominas.de\/dominas\/#\/schema\/logo\/image\/","url":"https:\/\/100dominas.de\/dominas\/wp-content\/uploads\/2023\/03\/logo_100dominas_01.png","contentUrl":"https:\/\/100dominas.de\/dominas\/wp-content\/uploads\/2023\/03\/logo_100dominas_01.png","width":714,"height":336,"caption":"100 Dominas"},"image":{"@id":"https:\/\/www.100dominas.de\/dominas\/#\/schema\/logo\/image\/"}}]}},"_links":{"self":[{"href":"https:\/\/www.100dominas.de\/dominas\/wp-json\/wp\/v2\/pages\/146","targetHints":{"allow":["GET"]}}],"collection":[{"href":"https:\/\/www.100dominas.de\/dominas\/wp-json\/wp\/v2\/pages"}],"about":[{"href":"https:\/\/www.100dominas.de\/dominas\/wp-json\/wp\/v2\/types\/page"}],"author":[{"embeddable":true,"href":"https:\/\/www.100dominas.de\/dominas\/wp-json\/wp\/v2\/users\/1"}],"replies":[{"embeddable":true,"href":"https:\/\/www.100dominas.de\/dominas\/wp-json\/wp\/v2\/comments?post=146"}],"version-history":[{"count":2,"href":"https:\/\/www.100dominas.de\/dominas\/wp-json\/wp\/v2\/pages\/146\/revisions"}],"predecessor-version":[{"id":940,"href":"https:\/\/www.100dominas.de\/dominas\/wp-json\/wp\/v2\/pages\/146\/revisions\/940"}],"wp:attachment":[{"href":"https:\/\/www.100dominas.de\/dominas\/wp-json\/wp\/v2\/media?parent=146"}],"curies":[{"name":"wp","href":"https:\/\/api.w.org\/{rel}","templated":true}]}}